{"id":881,"date":"2022-11-08T14:40:33","date_gmt":"2022-11-08T14:40:33","guid":{"rendered":"https:\/\/centasmed.com\/politique-de-confidentialite\/"},"modified":"2022-11-23T17:30:33","modified_gmt":"2022-11-23T17:30:33","slug":"politique-de-confidentialite","status":"publish","type":"page","link":"https:\/\/centasmed.com\/fr\/politique-de-confidentialite\/","title":{"rendered":"Politique de confidentialit\u00e9"},"content":{"rendered":"<p><span style=\"font-weight: 400;\">Centas Med Inc. (\u00ab\u00a0Centas\u00a0\u00bb, \u00ab\u00a0nous\u00a0\u00bb, \u00ab\u00a0notre\u00a0\u00bb, \u00ab\u00a0nos\u00a0\u00bb) accorde une grande importance \u00e0 la protection de la vie priv\u00e9e. C&rsquo;est pourquoi Centas a mis en \u0153uvre la pr\u00e9sente politique de protection des renseignements personnels (la \u00a0\u00bb politique \u00ab\u00a0) dans le but de fournir un cadre sur la fa\u00e7on dont Centas doit traiter les renseignements personnels.<\/span><\/p>\n<p><span style=\"font-weight: 400;\">La pr\u00e9sente politique, qui doit \u00eatre lue conjointement avec nos <\/span><b><br \/>\n  <i>conditions d&rsquo;utilisation<\/i><br \/>\n<\/b><span style=\"font-weight: 400;\">d\u00e9crit nos pratiques en mati\u00e8re de confidentialit\u00e9 et de protection des informations personnelles, y compris la mani\u00e8re dont nous traitons, collectons, utilisons et divulguons vos informations personnelles (d\u00e9finies ci-dessous).<\/span><\/p>\n<p><span style=\"font-weight: 400;\">En visitant ou en utilisant le site www.CentasMed.com (le \u00ab\u00a0site Web\u00a0\u00bb) ou en utilisant l&rsquo;un de nos services (tels que d\u00e9finis ci-dessous), vous acceptez que nous traitions, recueillions, utilisions, transf\u00e9rions, divulguions et conservions vos informations personnelles conform\u00e9ment aux conditions de la pr\u00e9sente politique. Si vous n&rsquo;acceptez pas de respecter la politique et d&rsquo;\u00eatre li\u00e9 par elle, vous ne pouvez pas visiter, acc\u00e9der ou utiliser le site Web ou les services, ni partager vos informations personnelles avec nous.<\/span><\/p>\n<p><span style=\"font-weight: 400;\">La pr\u00e9sente politique ne s&rsquo;applique pas aux renseignements personnels des employ\u00e9s, des repr\u00e9sentants et des consultants de Centas, ou de toute autre personne affili\u00e9e \u00e0 Centas, ainsi qu&rsquo;\u00e0 tout renseignement qui ne constitue pas un renseignement personnel au sens de la loi.<\/span><\/p>\n<h6><b>1. D\u00c9FINITIONS<\/b><\/h6>\n<p><span style=\"font-weight: 400;\">Les mots et expressions suivants, lorsqu&rsquo;ils apparaissent avec une majuscule dans la police, ont le sens qui leur est attribu\u00e9 ci-apr\u00e8s, sauf indication contraire implicite ou explicite dans le texte :<\/span><\/p>\n<p><span style=\"font-weight: 400;\">\u00a0\u00bb Renseignement personnel \u00a0\u00bb : tout renseignement se rapportant \u00e0 une personne physique et permettant de l&rsquo;identifier, tel que d\u00e9fini par la Loi sur la protection des renseignements personnels dans le secteur priv\u00e9 (Qu\u00e9bec) ou par toute autre l\u00e9gislation \u00e9quivalente dans d&rsquo;autres juridictions. De mani\u00e8re g\u00e9n\u00e9rale, une information se rapporte \u00e0 une personne physique et permet de l&rsquo;identifier lorsqu&rsquo;elle r\u00e9v\u00e8le, directement ou indirectement, quelque chose sur l&rsquo;identit\u00e9, les caract\u00e9ristiques (par exemple, les capacit\u00e9s, les pr\u00e9f\u00e9rences, les tendances psychologiques, les pr\u00e9dispositions, les aptitudes mentales, le caract\u00e8re et le comportement de la personne en question) ou les activit\u00e9s de cette personne, quelle que soit la nature du support ou la forme sous laquelle l&rsquo;information est accessible (\u00e9crite, graphique, sonore, visuelle, informatique ou autre).<\/span><\/p>\n<p><span style=\"font-weight: 400;\">\u00a0\u00bb Responsable de la protection de la vie priv\u00e9e \u00a0\u00bb d\u00e9signe la personne charg\u00e9e de la mise en \u0153uvre de la pr\u00e9sente politique et dont les coordonn\u00e9es figurent \u00e0 la section 2 de la politique.<\/span><\/p>\n<p><span style=\"font-weight: 400;\">\u00a0\u00bb Services \u00a0\u00bb d\u00e9signe le site Web et ses fonctionnalit\u00e9s ainsi que tous les services connexes offerts en ligne ou en personne par Centas, y compris, sans s&rsquo;y limiter, notre bulletin d&rsquo;information, les services de consultation \u00e9lectronique, le service \u00e0 la client\u00e8le, la documentation mise \u00e0 votre disposition et les services fournis lorsque vous vous rendez dans l&rsquo;une de nos cliniques pour obtenir des soins et des services.<\/span><\/p>\n<h6><b>2. RESPONSABLE DE LA PROTECTION DE LA VIE PRIV\u00c9E<\/b><\/h6>\n<p><span style=\"font-weight: 400;\">Les questions relatives \u00e0 la politique et aux proc\u00e9dures de Centas en mati\u00e8re de protection de la vie priv\u00e9e peuvent \u00eatre adress\u00e9es \u00e0 notre responsable de la protection de la vie priv\u00e9e aux adresses et num\u00e9ro de t\u00e9l\u00e9phone suivants :<\/span><\/p>\n<p><b>Par t\u00e9l\u00e9phone : xxxxxxxxxxxx<\/b><\/p>\n<p><b>Par courrier \u00e9lectronique : xxxxxxx<\/b><span style=\"font-weight: 400;\">xxxxxxx (adress\u00e9 au responsable de la protection de la vie priv\u00e9e)<\/span><\/p>\n<p><b>Par courrier : xxxxxxxxxxxxx<\/b><\/p>\n<h6><b>3. CHANGEMENT DE POLITIQUE<\/b><\/h6>\n<p><span style=\"font-weight: 400;\">Nous nous r\u00e9servons le droit de mettre \u00e0 jour et de modifier cette politique \u00e0 tout moment, conform\u00e9ment \u00e0 la loi applicable. En cas de modification, nous publierons la version r\u00e9vis\u00e9e de la politique de confidentialit\u00e9 et mettrons \u00e0 jour la date de la derni\u00e8re mise \u00e0 jour en haut de cette page. Nous vous encourageons \u00e0 consulter notre politique de confidentialit\u00e9 lorsque vous visitez le site Web afin de rester inform\u00e9 de la mani\u00e8re dont nous traitons les informations personnelles. Si vous n&rsquo;acceptez pas les conditions mises \u00e0 jour de la politique de confidentialit\u00e9, nous vous encourageons \u00e0 cesser d&rsquo;utiliser notre site Web et nos services. Votre utilisation continue de notre site Web ou de nos services apr\u00e8s la publication de toute modification de la politique constitue une acceptation de ces modifications.<\/span><\/p>\n<h6><b>4. TRAITEMENT DES INFORMATIONS PERSONNELLES<\/b><\/h6>\n<p><b>4.1. Collecte d&rsquo;informations personnelles<\/b><\/p>\n<p><span style=\"font-weight: 400;\">Dans le cadre de nos activit\u00e9s, nous pouvons traiter diff\u00e9rents types d&rsquo;informations personnelles, y compris les informations \u00e9num\u00e9r\u00e9es ci-dessous :<\/span><\/p>\n<ul>\n<li style=\"font-weight: 400;\" aria-level=\"1\"><span style=\"font-weight: 400;\">des informations de contact, telles que vos nom et pr\u00e9nom, votre adresse postale, votre adresse \u00e9lectronique, votre num\u00e9ro de t\u00e9l\u00e9phone, votre date de naissance ;<\/span><\/li>\n<li style=\"font-weight: 400;\" aria-level=\"1\"><span style=\"font-weight: 400;\">les informations relatives \u00e0 votre compte client sur le site web, telles que votre nom d&rsquo;utilisateur, votre mot de passe, votre \u00e2ge, votre sexe, votre ou vos langues pr\u00e9f\u00e9r\u00e9es, votre ville de r\u00e9sidence, votre num\u00e9ro d&rsquo;assurance maladie et la photo de votre carte d&rsquo;assurance maladie, votre langue pr\u00e9f\u00e9r\u00e9e et le nom et l&rsquo;adresse de votre pharmacie locale ;<\/span><\/li>\n<li style=\"font-weight: 400;\" aria-level=\"1\"><span style=\"font-weight: 400;\">des informations sur les produits ou services, comme vos rendez-vous et des informations sur les services que nous vous avons fournis ;<\/span><\/li>\n<li style=\"font-weight: 400;\" aria-level=\"1\"><span style=\"font-weight: 400;\">des informations relatives aux transactions et au paiement, telles que le mode de paiement utilis\u00e9, la date et l&rsquo;heure, le montant du paiement, le code postal de facturation, votre adresse et d&rsquo;autres informations connexes ;<\/span><\/li>\n<li style=\"font-weight: 400;\" aria-level=\"1\"><span style=\"font-weight: 400;\">les informations que vous choisissez de nous fournir ou de partager avec nous, par exemple lorsque vous remplissez un formulaire, r\u00e9pondez \u00e0 des enqu\u00eates ou contactez l&rsquo;un de nos employ\u00e9s ou repr\u00e9sentants, ainsi que vos pr\u00e9f\u00e9rences et int\u00e9r\u00eats ;<\/span><\/li>\n<li style=\"font-weight: 400;\" aria-level=\"1\"><span style=\"font-weight: 400;\">les informations recueillies automatiquement lorsque vous utilisez le site Web et nos services, notamment :<\/span>\n<ul>\n<li style=\"font-weight: 400;\" aria-level=\"2\"><span style=\"font-weight: 400;\">les informations de connexion et autres informations relatives \u00e0 vos activit\u00e9s sur le site web, telles que votre adresse IP, les pages que vous visitez, l&rsquo;heure et la date de vos visites, le type de navigateur que vous utilisez, le syst\u00e8me d&rsquo;exploitation de votre appareil et d&rsquo;autres informations relatives au mat\u00e9riel et aux logiciels ;<\/span><\/li>\n<li style=\"font-weight: 400;\" aria-level=\"2\"><span style=\"font-weight: 400;\">des donn\u00e9es de g\u00e9olocalisation, telles que votre adresse IP, une localisation pr\u00e9cise ou approximative bas\u00e9e sur votre adresse IP ou le GPS de votre appareil mobile (en fonction des param\u00e8tres de votre appareil et de votre navigateur) ;<\/span><\/li>\n<\/ul>\n<\/li>\n<\/ul>\n<p><span style=\"font-weight: 400;\">Dans chaque cas, ces informations personnelles sont trait\u00e9es conform\u00e9ment aux objectifs l\u00e9gitimes et n\u00e9cessaires \u00e9num\u00e9r\u00e9s \u00e0 l&rsquo;article 3.2 ci-dessous.<\/span><\/p>\n<p><b>4.2. Utilisation des informations personnelles<\/b><\/p>\n<p><span style=\"font-weight: 400;\">Nous pouvons utiliser vos informations personnelles aux fins l\u00e9gitimes d\u00e9crites ci-dessous :<\/span><\/p>\n<ul>\n<li style=\"font-weight: 400;\" aria-level=\"1\"><span style=\"font-weight: 400;\">pour exploiter, administrer, maintenir, surveiller, d\u00e9velopper, am\u00e9liorer et fournir toutes les fonctionnalit\u00e9s de notre site web, y compris les rendez-vous en ligne ;<\/span><\/li>\n<li style=\"font-weight: 400;\" aria-level=\"1\"><span style=\"font-weight: 400;\">pour vous fournir des services et assurer le bon fonctionnement du site web ;<\/span><\/li>\n<li style=\"font-weight: 400;\" aria-level=\"1\"><span style=\"font-weight: 400;\">pour am\u00e9liorer nos services et d\u00e9velopper de nouveaux services et de nouvelles fonctionnalit\u00e9s du site Web ;<\/span><\/li>\n<li style=\"font-weight: 400;\" aria-level=\"1\"><span style=\"font-weight: 400;\">pour vous envoyer des messages, des mises \u00e0 jour, des alertes de s\u00e9curit\u00e9 et des notifications de compte \u00e0 des fins de marketing et de d\u00e9veloppement commercial, si vous avez pr\u00e9alablement consenti au traitement de vos informations personnelles \u00e0 ces fins ;<\/span><\/li>\n<li style=\"font-weight: 400;\" aria-level=\"1\"><span style=\"font-weight: 400;\">pour r\u00e9pondre \u00e0 vos questions et vous fournir une assistance si n\u00e9cessaire ;<\/span><\/li>\n<li style=\"font-weight: 400;\" aria-level=\"1\"><span style=\"font-weight: 400;\">pour g\u00e9rer une liste d&rsquo;attente, un rendez-vous, une adh\u00e9sion, une enqu\u00eate ou toute autre fonctionnalit\u00e9 du site web ou de nos services ;<\/span><\/li>\n<li style=\"font-weight: 400;\" aria-level=\"1\"><span style=\"font-weight: 400;\">pour recueillir les avis, commentaires, questions, demandes et plaintes concernant nos services et notre site web ;<\/span><\/li>\n<li style=\"font-weight: 400;\" aria-level=\"1\"><span style=\"font-weight: 400;\">pour effectuer des recherches et des analyses concernant nos activit\u00e9s et nos services ;<\/span><\/li>\n<li style=\"font-weight: 400;\" aria-level=\"1\"><span style=\"font-weight: 400;\">pour d\u00e9tecter et pr\u00e9venir les fraudes, les erreurs, les spams, les abus, les incidents de s\u00e9curit\u00e9 et autres activit\u00e9s nuisibles ;<\/span><\/li>\n<li style=\"font-weight: 400;\" aria-level=\"1\"><span style=\"font-weight: 400;\">pour vous envoyer les communications requises par la loi ;<\/span><\/li>\n<li style=\"font-weight: 400;\" aria-level=\"1\"><span style=\"font-weight: 400;\">de r\u00e9organiser ou de modifier la structure de notre entreprise ;<\/span><\/li>\n<li style=\"font-weight: 400;\" aria-level=\"1\"><span style=\"font-weight: 400;\">\u00e0 toute autre fin autoris\u00e9e ou requise par la loi.<\/span><\/li>\n<\/ul>\n<p><span style=\"font-weight: 400;\">Veuillez noter que nous n&rsquo;utilisons pas les informations que nous recueillons pour tirer des conclusions ou des interpr\u00e9tations.<\/span><\/p>\n<p><b>4.3. Communication d&rsquo;informations personnelles<\/b><\/p>\n<p><span style=\"font-weight: 400;\">Nous pouvons communiquer vos informations personnelles \u00e0 nos employ\u00e9s, entrepreneurs, consultants, agents, prestataires de services et autres tiers de confiance (collectivement, les \u00a0\u00bb prestataires de services \u00ab\u00a0), qui ont besoin de ces informations pour nous aider \u00e0 exploiter notre site Web, \u00e0 mener et \u00e0 prot\u00e9ger nos activit\u00e9s, ou \u00e0 vous servir, \u00e0 condition que ces prestataires de services aient pr\u00e9alablement accept\u00e9 par \u00e9crit de prot\u00e9ger la confidentialit\u00e9 de vos informations personnelles conform\u00e9ment aux lois applicables et \u00e0 notre programme de gouvernance de l&rsquo;information. Nous ne vendons pas, n&rsquo;\u00e9changeons pas et ne divulguons pas autrement vos informations personnelles \u00e0 des tiers, sous r\u00e9serve des exceptions pr\u00e9vues par la loi ou \u00e0 moins d&rsquo;avoir obtenu votre consentement pr\u00e9alable.<\/span><\/p>\n<p><b>4.3.1. Prestataires de services et autres tiers<\/b><\/p>\n<p><span style=\"font-weight: 400;\">Bien que nous nous efforcions d&rsquo;\u00e9viter de divulguer vos renseignements personnels \u00e0 des tiers, certains produits et services offerts par Centas peuvent \u00eatre fournis ou ex\u00e9cut\u00e9s par des fournisseurs de services en notre nom. Afin de vous fournir les produits ou services que vous recherchez, nous pouvons \u00eatre amen\u00e9s \u00e0 communiquer ou \u00e0 transf\u00e9rer des informations vous concernant \u00e0 ces tiers dans diverses situations. Nous avons expos\u00e9 ci-dessous les circonstances dans lesquelles le partage d&rsquo;informations peut avoir lieu :<\/span><\/p>\n<ul>\n<li style=\"font-weight: 400;\" aria-level=\"1\"><span style=\"font-weight: 400;\">Google Analytics &#8211; Nous utilisons Google Analytics pour analyser l&rsquo;audience et le trafic du site Web. Voir leur  <\/span><a href=\"https:\/\/policies.google.com\/privacy\"><br \/>\n  <span style=\"font-weight: 400;\">politique de confidentialit\u00e9<\/span><br \/>\n<\/a><span style=\"font-weight: 400;\">;<\/span><\/li>\n<\/ul>\n<p><span style=\"font-weight: 400;\">Nous \u00e9tablissons des contrats \u00e9crits avec nos prestataires de services avant de leur divulguer vos informations personnelles et nous ne leur fournissons que les informations personnelles dont ils ont besoin pour accomplir leurs t\u00e2ches. Dans le cadre de ces contrats avec nos prestataires de services, nous nous engageons \u00e0 veiller \u00e0 ce que les principes \u00e9nonc\u00e9s dans la pr\u00e9sente politique soient respect\u00e9s, et ces prestataires de services sont tenus d&rsquo;utiliser les informations personnelles selon nos instructions et uniquement aux fins pour lesquelles elles ont \u00e9t\u00e9 fournies. En outre, ces fournisseurs de services nous donnent des garanties suffisantes qu&rsquo;ils mettront en \u0153uvre des mesures de s\u00e9curit\u00e9 appropri\u00e9es correspondant \u00e0 la sensibilit\u00e9 des informations personnelles trait\u00e9es ou communiqu\u00e9es. Lorsque nos prestataires de services n&rsquo;ont plus besoin de vos informations personnelles, nous leur demandons de d\u00e9truire ces donn\u00e9es de mani\u00e8re appropri\u00e9e.<\/span><\/p>\n<p><b>4.3.2. Respect de la l\u00e9gislation, r\u00e9ponse aux demandes l\u00e9gales, pr\u00e9vention des dommages et protection de nos droits.<\/b><\/p>\n<p><span style=\"font-weight: 400;\">Nous pouvons divulguer vos informations personnelles lorsque nous pensons qu&rsquo;une telle divulgation est autoris\u00e9e, n\u00e9cessaire ou appropri\u00e9e, notamment :<\/span><\/p>\n<ul>\n<li style=\"font-weight: 400;\" aria-level=\"1\"><span style=\"font-weight: 400;\">pour r\u00e9pondre aux demandes des autorit\u00e9s publiques et gouvernementales, y compris les autorit\u00e9s publiques et gouvernementales situ\u00e9es en dehors de votre pays de r\u00e9sidence ;<\/span><\/li>\n<li style=\"font-weight: 400;\" aria-level=\"1\"><span style=\"font-weight: 400;\">pour prot\u00e9ger notre entreprise ;<\/span><\/li>\n<li style=\"font-weight: 400;\" aria-level=\"1\"><span style=\"font-weight: 400;\">pour se conformer \u00e0 des proc\u00e9dures judiciaires ;<\/span><\/li>\n<li style=\"font-weight: 400;\" aria-level=\"1\"><span style=\"font-weight: 400;\">pour prot\u00e9ger nos droits, notre vie priv\u00e9e, notre s\u00e9curit\u00e9, nos biens ou ceux de nos affili\u00e9s, les v\u00f4tres ou ceux de tiers ;<\/span><\/li>\n<li style=\"font-weight: 400;\" aria-level=\"1\"><span style=\"font-weight: 400;\">pour nous permettre de faire valoir les recours disponibles ou de limiter les dommages que nous pouvons subir ; et<\/span><\/li>\n<li style=\"font-weight: 400;\" aria-level=\"1\"><span style=\"font-weight: 400;\">pour se conformer aux lois applicables, y compris les lois en vigueur en dehors de votre pays de r\u00e9sidence.<\/span><\/li>\n<\/ul>\n<p><b>4.3.3. Op\u00e9rations commerciales<\/b><\/p>\n<p><span style=\"font-weight: 400;\">Nous pouvons partager, transf\u00e9rer ou communiquer, en stricte conformit\u00e9 avec la pr\u00e9sente politique, vos renseignements personnels en cas de vente, de transfert ou de cession, en tout ou en partie, de Centas ou de nos actifs (par exemple, \u00e0 la suite d&rsquo;une fusion, d&rsquo;un regroupement, d&rsquo;un changement de contr\u00f4le, d&rsquo;une r\u00e9organisation, d&rsquo;une faillite, d&rsquo;une liquidation ou de toute autre op\u00e9ration commerciale, y compris dans le cadre de la n\u00e9gociation de telles op\u00e9rations). Dans ce cas, nous vous informerons avant que vos informations personnelles soient transf\u00e9r\u00e9es et soient r\u00e9gies par une politique de confidentialit\u00e9 diff\u00e9rente.<\/span><\/p>\n<p><b>4.4. Consentement<\/b><\/p>\n<p><span style=\"font-weight: 400;\">Nous n&rsquo;utiliserons vos informations personnelles qu&rsquo;aux fins pour lesquelles elles ont \u00e9t\u00e9 collect\u00e9es, conform\u00e9ment \u00e0 la pr\u00e9sente politique. Nous demanderons votre consentement avant d&rsquo;utiliser vos renseignements personnels \u00e0 des fins autres que celles \u00e9nonc\u00e9es dans les pr\u00e9sentes, sous r\u00e9serve des exceptions pr\u00e9vues par la loi, y compris lorsque la nouvelle utilisation propos\u00e9e est conforme \u00e0 la finalit\u00e9 pour laquelle les renseignements personnels ont \u00e9t\u00e9 initialement recueillis.<\/span><\/p>\n<p><span style=\"font-weight: 400;\">Dans la mesure du possible, Centas obtient directement de la personne concern\u00e9e le consentement \u00e0 ce que nous recueillions, utilisions et communiquions ses renseignements personnels. Toutefois, si vous nous fournissez des informations personnelles sur d&rsquo;autres personnes, vous devez vous assurer que vous les avez d\u00fbment inform\u00e9es que vous nous fournissez leurs informations et que vous avez obtenu leur consentement \u00e0 cette divulgation.<\/span><\/p>\n<p><b>4.5. Conservation des informations personnelles<\/b><\/p>\n<p><span style=\"font-weight: 400;\">Nous ne conservons vos informations personnelles que le temps n\u00e9cessaire \u00e0 la r\u00e9alisation des objectifs pour lesquels elles ont \u00e9t\u00e9 collect\u00e9es et dans la mesure o\u00f9 la loi le permet ou l&rsquo;exige. Si vous souhaitez obtenir de plus amples informations sur les p\u00e9riodes pendant lesquelles vos informations personnelles seront conserv\u00e9es, veuillez contacter notre responsable de la protection de la vie priv\u00e9e.<\/span><\/p>\n<p><span style=\"font-weight: 400;\">De plus, toute clinique m\u00e9dicale faisant affaire avec Centas demeure responsable de conserver, conform\u00e9ment aux lois et r\u00e8glements applicables, tous les \u00e9l\u00e9ments requis dans le dossier m\u00e9dical \u00e9lectronique de ses utilisateurs\/patients, nonobstant la pr\u00e9sente politique. Centas conservera les donn\u00e9es des utilisateurs\/patients aussi longtemps que la clinique l&rsquo;exigera. Sur demande \u00e9crite de toute clinique faisant affaire avec Centas, Centas accepte de supprimer les donn\u00e9es de toute clinique m\u00e9dicale faisant une telle demande et\/ou de ses utilisateurs\/patients.<\/span><\/p>\n<h6><b>5. VOS DROITS<\/b><\/h6>\n<p><span style=\"font-weight: 400;\">En tant que personne soumise \u00e0 la pr\u00e9sente Politique, vous pouvez exercer les droits \u00e9nonc\u00e9s ci-dessous en envoyant une demande \u00e9crite par e-mail ou par courrier \u00e0 l&rsquo;attention de notre responsable de la protection de la vie priv\u00e9e aux coordonn\u00e9es fournies dans la section 2 de la Politique :<\/span><\/p>\n<ul>\n<li style=\"font-weight: 400;\" aria-level=\"1\"><span style=\"font-weight: 400;\">Vous avez le droit d&rsquo;\u00eatre inform\u00e9 des informations personnelles que nous avons collect\u00e9es \u00e0 votre sujet, et des informations sur les raisons pour lesquelles nous avons utilis\u00e9 et utilisons vos informations personnelles ;<\/span><\/li>\n<li style=\"font-weight: 400;\" aria-level=\"1\"><span style=\"font-weight: 400;\">Vous avez le droit de demander une copie papier des documents contenant vos informations personnelles, sous r\u00e9serve des exceptions pr\u00e9vues par la loi applicable ;<\/span><\/li>\n<li style=\"font-weight: 400;\" aria-level=\"1\"><span style=\"font-weight: 400;\">Vous avez le droit de faire rectifier, modifier et mettre \u00e0 jour les informations personnelles que nous d\u00e9tenons \u00e0 votre sujet si elles sont incompl\u00e8tes, ambigu\u00ebs, p\u00e9rim\u00e9es ou inexactes ;<\/span><\/li>\n<li style=\"font-weight: 400;\" aria-level=\"1\"><span style=\"font-weight: 400;\">Vous avez le droit de demander la suppression de vos informations personnelles si la collecte de ces informations n&rsquo;est pas autoris\u00e9e par la loi ;<\/span><\/li>\n<li style=\"font-weight: 400;\" aria-level=\"1\"><span style=\"font-weight: 400;\">Vous avez le droit, \u00e0 tout moment, de retirer ou de modifier votre consentement au traitement de vos informations personnelles, sous r\u00e9serve des restrictions l\u00e9gales et contractuelles applicables. Dans certains cas, le retrait de votre consentement peut avoir pour cons\u00e9quence que Centas  <\/span><\/li>\n<\/ul>\n<span class=\"et_bloom_bottom_trigger\"><\/span>","protected":false},"excerpt":{"rendered":"<p>Centas Med Inc. (\u00ab\u00a0Centas\u00a0\u00bb, \u00ab\u00a0nous\u00a0\u00bb, \u00ab\u00a0notre\u00a0\u00bb, \u00ab\u00a0nos\u00a0\u00bb) accorde une grande importance \u00e0 la protection de la vie priv\u00e9e. C&rsquo;est pourquoi Centas a mis en \u0153uvre la pr\u00e9sente politique de protection des renseignements personnels (la \u00a0\u00bb politique \u00ab\u00a0) dans le but de fournir un cadre sur la fa\u00e7on dont Centas doit traiter les renseignements personnels. La [&hellip;]<\/p>\n","protected":false},"author":1,"featured_media":0,"parent":0,"menu_order":0,"comment_status":"closed","ping_status":"open","template":"","meta":{"_et_pb_use_builder":"on","_et_pb_old_content":"","_et_gb_content_width":"","_glsr_average":0,"_glsr_ranking":0,"_glsr_reviews":0,"footnotes":""},"class_list":["post-881","page","type-page","status-publish","hentry"],"_links":{"self":[{"href":"https:\/\/centasmed.com\/fr\/wp-json\/wp\/v2\/pages\/881","targetHints":{"allow":["GET"]}}],"collection":[{"href":"https:\/\/centasmed.com\/fr\/wp-json\/wp\/v2\/pages"}],"about":[{"href":"https:\/\/centasmed.com\/fr\/wp-json\/wp\/v2\/types\/page"}],"author":[{"embeddable":true,"href":"https:\/\/centasmed.com\/fr\/wp-json\/wp\/v2\/users\/1"}],"replies":[{"embeddable":true,"href":"https:\/\/centasmed.com\/fr\/wp-json\/wp\/v2\/comments?post=881"}],"version-history":[{"count":1,"href":"https:\/\/centasmed.com\/fr\/wp-json\/wp\/v2\/pages\/881\/revisions"}],"predecessor-version":[{"id":885,"href":"https:\/\/centasmed.com\/fr\/wp-json\/wp\/v2\/pages\/881\/revisions\/885"}],"wp:attachment":[{"href":"https:\/\/centasmed.com\/fr\/wp-json\/wp\/v2\/media?parent=881"}],"curies":[{"name":"wp","href":"https:\/\/api.w.org\/{rel}","templated":true}]}}