{"id":6187,"date":"2024-05-29T03:56:18","date_gmt":"2024-05-29T07:56:18","guid":{"rendered":"https:\/\/centasmed.com\/test-sti\/"},"modified":"2025-05-09T12:11:18","modified_gmt":"2025-05-09T16:11:18","slug":"test-sti","status":"publish","type":"page","link":"https:\/\/centasmed.com\/fr\/test-sti\/","title":{"rendered":"ITSS"},"content":{"rendered":"<p>[et_pb_section fb_built=\u00a0\u00bb1&Prime; admin_label=\u00a0\u00bbHero\u00a0\u00bb _builder_version=\u00a0\u00bb4.25.1&Prime; custom_padding=\u00a0\u00bb0|0px|0px|0px|false|false\u00a0\u00bb bottom_divider_height=\u00a0\u00bb0px\u00a0\u00bb border_width_bottom=\u00a0\u00bb1px\u00a0\u00bb border_color_bottom=\u00a0\u00bb#efefef\u00a0\u00bb locked=\u00a0\u00bboff\u00a0\u00bb global_colors_info=\u00a0\u00bb{}\u00a0\u00bb][et_pb_row column_structure=\u00a0\u00bb1_2,1_2&Prime; _builder_version=\u00a0\u00bb4.16&Prime; width=\u00a0\u00bb100%\u00a0\u00bb max_width=\u00a0\u00bb100%\u00a0\u00bb custom_margin=\u00a0\u00bb|||\u00a0\u00bb custom_margin_tablet=\u00a0\u00bb||0px|\u00a0\u00bb custom_margin_phone=\u00a0\u00bb\u00a0\u00bb custom_margin_last_edited=\u00a0\u00bbon|desktop\u00a0\u00bb custom_padding=\u00a0\u00bb40px|0px|0px|0px|false|false\u00a0\u00bb use_custom_width=\u00a0\u00bbon\u00a0\u00bb width_unit=\u00a0\u00bboff\u00a0\u00bb custom_width_percent=\u00a0\u00bb100%\u00a0\u00bb global_colors_info=\u00a0\u00bb{}\u00a0\u00bb][et_pb_column type=\u00a0\u00bb1_2&Prime; _builder_version=\u00a0\u00bb4.16&Prime; custom_padding=\u00a0\u00bb6%||6%|12%\u00a0\u00bb custom_padding_tablet=\u00a0\u00bb50px|50px|50px|50px\u00a0\u00bb custom_padding_phone=\u00a0\u00bb50px|50px|50px|50px\u00a0\u00bb custom_padding_last_edited=\u00a0\u00bbon|tablet\u00a0\u00bb global_colors_info=\u00a0\u00bb{}\u00a0\u00bb padding_tablet=\u00a0\u00bb50px|50px|50px|50px\u00a0\u00bb padding_last_edited=\u00a0\u00bbon|tablet\u00a0\u00bb custom_padding__hover=\u00a0\u00bb|||\u00a0\u00bb padding_phone=\u00a0\u00bb50px|50px|50px|50px\u00a0\u00bb][et_pb_text _builder_version=\u00a0\u00bb4.25.1&Prime; text_font=\u00a0\u00bbMontserrat|300|||||||\u00a0\u00bb text_text_color=\u00a0\u00bb#677a92&Prime; text_font_size=\u00a0\u00bb16px\u00a0\u00bb text_line_height=\u00a0\u00bb1.8em\u00a0\u00bb header_font=\u00a0\u00bbMontserrat||||||||\u00a0\u00bb header_font_size=\u00a0\u00bb50px\u00a0\u00bb header_line_height=\u00a0\u00bb1.3em\u00a0\u00bb header_2_font=\u00a0\u00bb||||||||\u00a0\u00bb max_width=\u00a0\u00bb600px\u00a0\u00bb custom_margin=\u00a0\u00bb|||\u00a0\u00bb custom_margin_tablet=\u00a0\u00bb0px|50px||50px\u00a0\u00bb custom_margin_phone=\u00a0\u00bb|20px||\u00a0\u00bb custom_margin_last_edited=\u00a0\u00bboff|desktop\u00a0\u00bb custom_padding=\u00a0\u00bb|||\u00a0\u00bb text_line_height_tablet=\u00a0\u00bb1.8em\u00a0\u00bb text_line_height_phone=\u00a0\u00bb1.8em\u00a0\u00bb text_line_height_last_edited=\u00a0\u00bbon|phone\u00a0\u00bb header_font_size_tablet=\u00a0\u00bb\u00a0\u00bb header_font_size_phone=\u00a0\u00bb36px\u00a0\u00bb header_font_size_last_edited=\u00a0\u00bbon|phone\u00a0\u00bb header_2_font_size_phone=\u00a0\u00bb30px\u00a0\u00bb header_2_font_size_last_edited=\u00a0\u00bboff|desktop\u00a0\u00bb locked=\u00a0\u00bboff\u00a0\u00bb global_colors_info=\u00a0\u00bb{}\u00a0\u00bb]<\/p>\n<h1><strong>D\u00c9PISTAGE ITSS \/ MTS<\/strong><\/h1>\n<p>[\/et_pb_text][et_pb_text _builder_version=\u00a0\u00bb4.25.1&Prime; _module_preset=\u00a0\u00bbdefault\u00a0\u00bb width=\u00a0\u00bb100%\u00a0\u00bb custom_padding=\u00a0\u00bb0px|101px||||\u00a0\u00bb inline_fonts=\u00a0\u00bbABeeZee\u00a0\u00bb global_colors_info=\u00a0\u00bb{}\u00a0\u00bb]<\/p>\n<ul>\n<li>\n<h5><span style=\"font-size: medium;\">Strictement confidentiel<\/span><\/h5>\n<\/li>\n<li>\n<h5><span style=\"font-size: medium;\">R\u00e9sultats partag\u00e9s uniquement avec le patient<\/span><\/h5>\n<\/li>\n<li>\n<h5><span style=\"font-size: medium;\">Aucune requ\u00eate m\u00e9decin requise<\/span><\/h5>\n<\/li>\n<li><span style=\"font-size: medium;\"><span style=\"color: #000000;\">R\u00e9sultats en 48 heures<\/span><\/span><\/li>\n<li>Un plan de traitement peut \u00eatre disponible.<\/li>\n<\/ul>\n<p>[\/et_pb_text][et_pb_text _builder_version=\u00a0\u00bb4.25.1&Prime; _module_preset=\u00a0\u00bbdefault\u00a0\u00bb width=\u00a0\u00bb100%\u00a0\u00bb min_height=\u00a0\u00bb117.6px\u00a0\u00bb global_colors_info=\u00a0\u00bb{}\u00a0\u00bb]<\/p>\n<h5><span style=\"font-size: medium;\"><strong><span style=\"color: #000000;\">NIVEAU 1: <\/span><\/strong><span style=\"color: #000000;\">VIH 100$ (sang)<\/span><\/span><\/h5>\n<h5><span style=\"font-size: medium;\"><strong><span style=\"color: #000000;\">NIVEAU 2: <\/span><\/strong><span style=\"color: #000000;\">CHLAMYDIE ET DE LA GONORRH\u00c9E 150$ (urine)<\/span><\/span><\/h5>\n<p><span style=\"font-size: medium;\"><strong><span style=\"color: #000000;\">COMPLET: <\/span><\/strong><span style=\"color: #000000;\">VIH, CHLAMYDIE, GONORRH\u00c9E et SYPHILIS 250$<\/span><\/span><\/p>\n<p>[\/et_pb_text][et_pb_button button_url=\u00a0\u00bbhttps:\/\/centasmed.janeapp.com\u00a0\u00bb button_text=\u00a0\u00bbPrendre un rendez-vous  \u00a0\u00bb button_alignment=\u00a0\u00bbleft\u00a0\u00bb disabled_on=\u00a0\u00bboff|off|off\u00a0\u00bb admin_label=\u00a0\u00bbFLU Book Now\u00a0\u00bb _builder_version=\u00a0\u00bb4.19.5&Prime; custom_button=\u00a0\u00bbon\u00a0\u00bb button_text_size=\u00a0\u00bb14px\u00a0\u00bb button_bg_color=\u00a0\u00bb#48d14c\u00a0\u00bb button_border_width=\u00a0\u00bb16px\u00a0\u00bb button_border_color=\u00a0\u00bb#48d14c\u00a0\u00bb button_border_radius=\u00a0\u00bb100px\u00a0\u00bb button_letter_spacing=\u00a0\u00bb1px\u00a0\u00bb button_font=\u00a0\u00bbMontserrat|500|||||||\u00a0\u00bb background_layout=\u00a0\u00bbdark\u00a0\u00bb custom_margin=\u00a0\u00bb|||\u00a0\u00bb custom_padding=\u00a0\u00bb|||\u00a0\u00bb locked=\u00a0\u00bboff\u00a0\u00bb global_colors_info=\u00a0\u00bb{}\u00a0\u00bb button_text_size__hover_enabled=\u00a0\u00bboff\u00a0\u00bb button_one_text_size__hover_enabled=\u00a0\u00bboff\u00a0\u00bb button_two_text_size__hover_enabled=\u00a0\u00bboff\u00a0\u00bb button_text_color__hover_enabled=\u00a0\u00bboff\u00a0\u00bb button_one_text_color__hover_enabled=\u00a0\u00bboff\u00a0\u00bb button_two_text_color__hover_enabled=\u00a0\u00bboff\u00a0\u00bb button_border_width__hover_enabled=\u00a0\u00bboff\u00a0\u00bb button_one_border_width__hover_enabled=\u00a0\u00bboff\u00a0\u00bb button_two_border_width__hover_enabled=\u00a0\u00bboff\u00a0\u00bb button_border_color__hover_enabled=\u00a0\u00bboff\u00a0\u00bb button_one_border_color__hover_enabled=\u00a0\u00bboff\u00a0\u00bb button_two_border_color__hover_enabled=\u00a0\u00bboff\u00a0\u00bb button_border_radius__hover_enabled=\u00a0\u00bboff\u00a0\u00bb button_one_border_radius__hover_enabled=\u00a0\u00bboff\u00a0\u00bb button_two_border_radius__hover_enabled=\u00a0\u00bboff\u00a0\u00bb button_letter_spacing__hover_enabled=\u00a0\u00bboff\u00a0\u00bb button_one_letter_spacing__hover_enabled=\u00a0\u00bboff\u00a0\u00bb button_two_letter_spacing__hover_enabled=\u00a0\u00bboff\u00a0\u00bb button_bg_color__hover_enabled=\u00a0\u00bboff\u00a0\u00bb button_one_bg_color__hover_enabled=\u00a0\u00bboff\u00a0\u00bb button_two_bg_color__hover_enabled=\u00a0\u00bboff\u00a0\u00bb][\/et_pb_button][et_pb_text _builder_version=\u00a0\u00bb4.25.1&Prime; _module_preset=\u00a0\u00bbdefault\u00a0\u00bb global_colors_info=\u00a0\u00bb{}\u00a0\u00bb]<\/p>\n<p><span style=\"text-decoration: underline; color: #000000; font-size: medium;\"><strong>Plus d&rsquo;informations sur le d\u00e9pistage des IST<\/strong><\/span><\/p>\n<p><strong><span style=\"font-size: medium; color: #000;\">Qu&rsquo;est-ce qu&rsquo;un ITS\/ITSS (MTS) ?<\/span><\/strong><\/p>\n<p><span style=\"font-size: medium;\">Les infections sexuellement transmissibles (IST) et les infections transmissibles par le sang (ITSS), pr\u00e9c\u00e9demment appel\u00e9es<br \/>les maladies sexuellement transmissibles (MST), englobent une s\u00e9rie d&rsquo;infections qui se propagent par voie sexuelle contact ou de sang. Ces infections, qui peuvent \u00eatre caus\u00e9es par des virus, des bact\u00e9ries ou des parasites, peuvent ont un impact sur les hommes et les femmes. Un d\u00e9pistage r\u00e9gulier est essentiel, en particulier pour les personnes qui sont sexuellement active, car de nombreuses IST\/IST peuvent \u00eatre asymptomatiques ou ne pas pr\u00e9senter de sympt\u00f4mes \u00e9vidents.<\/span><\/p>\n<p><strong><span style=\"font-size: medium; color: #000;\">Pourquoi passer un test ITS\/ITSS ?<\/span><\/strong><\/p>\n<p><span style=\"font-size: medium;\">Le d\u00e9pistage des infections sexuellement transmissibles et des infections transmissibles par le sang (IST\/IST) est essentiel pour obtenir des r\u00e9sultats pr\u00e9cis. diagnostic. Ces tests peuvent faire partie d&rsquo;un d\u00e9pistage de routine ou \u00eatre effectu\u00e9s lorsqu&rsquo;une personne pr\u00e9sente les sympt\u00f4mes suivants les sympt\u00f4mes d&rsquo;une IST ou d&rsquo;une ITSS.<\/span><\/p>\n<p><strong><span style=\"font-size: medium; color: #000;\">Qui doit \u00eatre test\u00e9 ?<\/span><\/strong><\/p>\n<p><span style=\"font-size: medium;\">De nombreuses personnes atteintes d&rsquo;une IST ou d&rsquo;une ITSS peuvent ne pr\u00e9senter aucun sympt\u00f4me ou seulement des signes l\u00e9gers d&rsquo;infection. En l&rsquo;absence de d\u00e9pistage, ils peuvent transmettre l&rsquo;infection \u00e0 d&rsquo;autres personnes sans le savoir. \u00c9tant donn\u00e9 que Les IST\/IST peuvent entra\u00eener de graves complications pour la sant\u00e9 ; un d\u00e9pistage et un diagnostic ad\u00e9quats sont donc essentiels, car ces infections posent un probl\u00e8me de sant\u00e9 publique important.<\/span><\/p>\n<p><span style=\"font-size: medium;\">L&rsquo;objectif principal du d\u00e9pistage des IST et des MSTB est de d\u00e9tecter et de traiter les infections chez les individus avant qu&rsquo;elles ne se manifestent des complications et de pr\u00e9venir la propagation de la maladie. En outre, le d\u00e9pistage vise \u00e0 identifier, tester et traiter les partenaires sexuels des personnes chez qui une IST\/IST a \u00e9t\u00e9 diagnostiqu\u00e9e, afin d&rsquo;assurer l&rsquo;efficacit\u00e9 des mesures suivantes<br \/>arr\u00eater la transmission de l&rsquo;infection.<\/span><\/p>\n<p><strong><span style=\"font-size: medium; color: #000;\">Recommandations avant le d\u00e9pistage des IST<\/span><\/strong><\/p>\n<p><span style=\"font-size: medium;\">Un test de d\u00e9pistage des IST ou des ITSS ne n\u00e9cessite pas de pr\u00e9paration particuli\u00e8re ni de je\u00fbne.<\/span><\/p>\n<p><span style=\"font-size: medium;\">Avant qu&rsquo;un test ne soit prescrit, un bref questionnaire \u00e9valuera vos facteurs de risque et vos \u00e9ventuels sympt\u00f4mes. des IST\/ISTBBI pour d\u00e9terminer l&rsquo;\u00e9ligibilit\u00e9 au d\u00e9pistage. Si vous pr\u00e9sentez des sympt\u00f4mes, si vous \u00eates enceinte, ou l&rsquo;allaitement, vous devrez consulter votre propre m\u00e9decin pour le test, car nous ne pouvons pas le prescrire en ces situations.<\/span><\/p>\n<p><span style=\"font-size: medium;\">Lors de l&rsquo;interpr\u00e9tation des r\u00e9sultats des tests de d\u00e9pistage des IST ou des ITSS, il est important de tenir compte du fait que ces infections ont des p\u00e9riodes de latence, c&rsquo;est-\u00e0-dire le temps qui s&rsquo;\u00e9coule entre l&rsquo;infection et le moment o\u00f9 elle peut \u00eatre d\u00e9tect\u00e9e par le test. Le pr\u00e9sent La p\u00e9riode de latence est g\u00e9n\u00e9ralement d&rsquo;environ quatre semaines. Si le test est effectu\u00e9 trop t\u00f4t apr\u00e8s l&rsquo;infection, les r\u00e9sultats peuvent ne pas \u00eatre exacts et le test devra \u00eatre r\u00e9p\u00e9t\u00e9 apr\u00e8s la p\u00e9riode de latence.<\/span><\/p>\n<p><strong><span style=\"font-size: medium; color: #000;\">Que se passe-t-il si mon test est positif ?<\/span><\/strong><\/p>\n<p><span style=\"font-size: medium;\">Un de nos m\u00e9decins ou infirmi\u00e8res vous contactera pour une \u00e9valuation de suivi apr\u00e8s une \u00e9valuation positive.<br \/>r\u00e9sultat du test. En g\u00e9n\u00e9ral, cela peut se faire par t\u00e9l\u00e9phone. Pendant le suivi, vous recevrez des instructions et une ordonnance pour traiter l&rsquo;infection si n\u00e9cessaire. Contrairement \u00e0 d&rsquo;autres laboratoires priv\u00e9s et les cliniques, il n&rsquo;y a pas de frais suppl\u00e9mentaires pour ce suivi.<\/span><\/p>\n<p>[\/et_pb_text][\/et_pb_column][et_pb_column type=\u00a0\u00bb1_2&Prime; _builder_version=\u00a0\u00bb4.16&Prime; custom_padding=\u00a0\u00bb|||\u00a0\u00bb global_colors_info=\u00a0\u00bb{}\u00a0\u00bb custom_padding__hover=\u00a0\u00bb|||\u00a0\u00bb][et_pb_image src=\u00a0\u00bbhttps:\/\/centasmed.com\/wp-content\/uploads\/2024\/05\/std-testing-2301-1-2.jpeg\u00a0\u00bb title_text=\u00a0\u00bbJeune,femme,ayant,rendez-vous,avec,un,sp\u00e9cialiste,en,mati\u00e8re,de,MST,dans,une,clinique,,gros plan\u00a0\u00bb align=\u00a0\u00bbcenter\u00a0\u00bb _builder_version=\u00a0\u00bb4.25.1&Prime; _module_preset=\u00a0\u00bbdefault\u00a0\u00bb module_alignment=\u00a0\u00bbcenter\u00a0\u00bb custom_margin_tablet=\u00a0\u00bb\u00a0\u00bb custom_margin_phone=\u00a0\u00bb|10px||10px|false|false\u00a0\u00bb custom_margin_last_edited=\u00a0\u00bbon|phone\u00a0\u00bb custom_padding=\u00a0\u00bb|10px||10px|false|false\u00a0\u00bb border_radii=\u00a0\u00bbon|25px|25px|25px|25px\u00a0\u00bb global_colors_info=\u00a0\u00bb{}\u00a0\u00bb][\/et_pb_image][\/et_pb_column][\/et_pb_row][\/et_pb_section]<\/p>\n<span class=\"et_bloom_bottom_trigger\"><\/span>","protected":false},"excerpt":{"rendered":"<p>D\u00c9PISTAGE ITSS \/ MTS Strictement confidentiel R\u00e9sultats partag\u00e9s uniquement avec le patient Aucune requ\u00eate m\u00e9decin requise R\u00e9sultats en 48 heures Un plan de traitement peut \u00eatre disponible. NIVEAU 1: VIH 100$ (sang) NIVEAU 2: CHLAMYDIE ET DE LA GONORRH\u00c9E 150$ (urine) COMPLET: VIH, CHLAMYDIE, GONORRH\u00c9E et SYPHILIS 250$Plus d&rsquo;informations sur le d\u00e9pistage des IST Qu&rsquo;est-ce [&hellip;]<\/p>\n","protected":false},"author":6,"featured_media":0,"parent":0,"menu_order":0,"comment_status":"closed","ping_status":"closed","template":"","meta":{"_et_pb_use_builder":"on","_et_pb_old_content":"","_et_gb_content_width":"","_glsr_average":0,"_glsr_ranking":0,"_glsr_reviews":0,"footnotes":""},"class_list":["post-6187","page","type-page","status-publish","hentry"],"_links":{"self":[{"href":"https:\/\/centasmed.com\/fr\/wp-json\/wp\/v2\/pages\/6187","targetHints":{"allow":["GET"]}}],"collection":[{"href":"https:\/\/centasmed.com\/fr\/wp-json\/wp\/v2\/pages"}],"about":[{"href":"https:\/\/centasmed.com\/fr\/wp-json\/wp\/v2\/types\/page"}],"author":[{"embeddable":true,"href":"https:\/\/centasmed.com\/fr\/wp-json\/wp\/v2\/users\/6"}],"replies":[{"embeddable":true,"href":"https:\/\/centasmed.com\/fr\/wp-json\/wp\/v2\/comments?post=6187"}],"version-history":[{"count":4,"href":"https:\/\/centasmed.com\/fr\/wp-json\/wp\/v2\/pages\/6187\/revisions"}],"predecessor-version":[{"id":8955,"href":"https:\/\/centasmed.com\/fr\/wp-json\/wp\/v2\/pages\/6187\/revisions\/8955"}],"wp:attachment":[{"href":"https:\/\/centasmed.com\/fr\/wp-json\/wp\/v2\/media?parent=6187"}],"curies":[{"name":"wp","href":"https:\/\/api.w.org\/{rel}","templated":true}]}}