{"id":5956,"date":"2024-03-25T09:51:55","date_gmt":"2024-03-25T13:51:55","guid":{"rendered":"https:\/\/centasmed.com\/esthetique\/injections\/"},"modified":"2024-03-25T10:36:50","modified_gmt":"2024-03-25T14:36:50","slug":"injections","status":"publish","type":"page","link":"https:\/\/centasmed.com\/fr\/esthetique\/injections\/","title":{"rendered":"Injections"},"content":{"rendered":"<p>[et_pb_section fb_built=\u00a0\u00bb1&Prime; disabled_on=\u00a0\u00bboff|off|off\u00a0\u00bb admin_label=\u00a0\u00bbDesktop\u00a0\u00bb _builder_version=\u00a0\u00bb4.24.2&Prime; _module_preset=\u00a0\u00bbdefault\u00a0\u00bb custom_padding=\u00a0\u00bb8px||0px|||\u00a0\u00bb global_colors_info=\u00a0\u00bb{}\u00a0\u00bb][et_pb_row disabled_on=\u00a0\u00bbon|on|off\u00a0\u00bb _builder_version=\u00a0\u00bb4.24.2&Prime; _module_preset=\u00a0\u00bbdefault\u00a0\u00bb background_image=\u00a0\u00bbhttps:\/\/centasmed.com\/wp-content\/uploads\/2024\/03\/hero-header.jpg\u00a0\u00bb width=\u00a0\u00bb100%\u00a0\u00bb max_width=\u00a0\u00bb1865px\u00a0\u00bb height=\u00a0\u00bb619px\u00a0\u00bb custom_margin=\u00a0\u00bb|auto|46px|auto|false|false\u00a0\u00bb custom_padding=\u00a0\u00bb14px||4px||false|false\u00a0\u00bb global_colors_info=\u00a0\u00bb{}\u00a0\u00bb][et_pb_column type=\u00a0\u00bb4_4&Prime; _builder_version=\u00a0\u00bb4.21.2&Prime; _module_preset=\u00a0\u00bbdefault\u00a0\u00bb custom_padding=\u00a0\u00bb30px|||33px|false|false\u00a0\u00bb global_colors_info=\u00a0\u00bb{}\u00a0\u00bb][et_pb_text _builder_version=\u00a0\u00bb4.22.0&Prime; _module_preset=\u00a0\u00bbdefault\u00a0\u00bb header_font=\u00a0\u00bb||||||||\u00a0\u00bb header_text_color=\u00a0\u00bb#000000&Prime; header_2_font=\u00a0\u00bbRoboto Slab||||||||\u00a0\u00bb header_2_text_color=\u00a0\u00bb#000000&Prime; header_2_font_size=\u00a0\u00bb27px\u00a0\u00bb header_4_font=\u00a0\u00bbRoboto|||||on|||\u00a0\u00bb header_4_text_align=\u00a0\u00bbleft\u00a0\u00bb header_4_text_color=\u00a0\u00bb#000000&Prime; header_4_font_size=\u00a0\u00bb50px\u00a0\u00bb module_alignment=\u00a0\u00bbleft\u00a0\u00bb custom_margin=\u00a0\u00bb||32px|23px|false|false\u00a0\u00bb global_colors_info=\u00a0\u00bb{}\u00a0\u00bb]<\/p>\n<h2>Botox et produits de comblement<\/h2>\n<p>[\/et_pb_text][et_pb_text _builder_version=\u00a0\u00bb4.22.0&Prime; _module_preset=\u00a0\u00bbdefault\u00a0\u00bb header_font=\u00a0\u00bbRoboto Slab|300|||||||\u00a0\u00bb header_text_color=\u00a0\u00bb#000000&Prime; header_font_size=\u00a0\u00bb65px\u00a0\u00bb header_4_font=\u00a0\u00bbRoboto|||||on|||\u00a0\u00bb header_4_text_align=\u00a0\u00bbleft\u00a0\u00bb header_4_text_color=\u00a0\u00bb#000000&Prime; header_4_font_size=\u00a0\u00bb50px\u00a0\u00bb module_alignment=\u00a0\u00bbleft\u00a0\u00bb custom_margin=\u00a0\u00bb-21px||34px|20px|false|false\u00a0\u00bb global_colors_info=\u00a0\u00bb{}\u00a0\u00bb]<\/p>\n<h1>Injections<\/h1>\n<p>[\/et_pb_text][et_pb_text _builder_version=\u00a0\u00bb4.24.2&Prime; _module_preset=\u00a0\u00bbdefault\u00a0\u00bb text_font=\u00a0\u00bbInter|300|||||||\u00a0\u00bb text_text_color=\u00a0\u00bb#000000&Prime; text_font_size=\u00a0\u00bb16px\u00a0\u00bb text_line_height=\u00a0\u00bb1.8em\u00a0\u00bb width=\u00a0\u00bb55%\u00a0\u00bb custom_margin=\u00a0\u00bb-17px||26px|22px|false|false\u00a0\u00bb global_colors_info=\u00a0\u00bb{}\u00a0\u00bb]<\/p>\n<p>Les injections de Botox et de produits de comblement sont les interventions esth\u00e9tiques peu invasives les plus recherch\u00e9es au Canada. Ces proc\u00e9dures ont pour but d&rsquo;affiner, de remodeler ou d&rsquo;am\u00e9liorer les traits du visage, afin d&rsquo;en accentuer la beaut\u00e9 inn\u00e9e. Nos patients optent pour ces injections afin d&rsquo;harmoniser leur apparence ext\u00e9rieure avec la vitalit\u00e9 qu&rsquo;ils ressentent \u00e0 l&rsquo;int\u00e9rieur. Ces am\u00e9liorations cosm\u00e9tiques permettent aux individus de renforcer leur confiance, leur estime de soi et leur vitalit\u00e9, et d&rsquo;incarner leur moi id\u00e9al. Chez CentasMed Esthetique, nous mettons un point d&rsquo;honneur \u00e0 fournir \u00e0 nos patients des informations fiables et actualis\u00e9es afin de leur permettre de prendre des d\u00e9cisions \u00e9clair\u00e9es. C&rsquo;est pourquoi, avant de programmer votre premi\u00e8re s\u00e9ance d&rsquo;injection cosm\u00e9tique, il est essentiel de vous familiariser avec les diverses options \u00e0 votre disposition.<\/p>\n<p>[\/et_pb_text][et_pb_button button_url=\u00a0\u00bb@ET-DC@eyJkeW5hbWljIjp0cnVlLCJjb250ZW50IjoicG9zdF9saW5rX3VybF9wYWdlIiwic2V0dGluZ3MiOnsicG9zdF9pZCI6IjU0MzQifX0=@\u00a0\u00bb button_text=\u00a0\u00bbR\u00c9SERVEZ VOTRE CONSULTATION GRATUITE\u00a0\u00bb button_alignment=\u00a0\u00bbleft\u00a0\u00bb disabled_on=\u00a0\u00bboff|off|off\u00a0\u00bb admin_label=\u00a0\u00bbFREE CONSULTATION\u00a0\u00bb _builder_version=\u00a0\u00bb4.24.2&Prime; _dynamic_attributes=\u00a0\u00bbbutton_url\u00a0\u00bb _module_preset=\u00a0\u00bbdefault\u00a0\u00bb custom_button=\u00a0\u00bbon\u00a0\u00bb button_text_color=\u00a0\u00bb#000000&Prime; button_bg_color=\u00a0\u00bbRGBA(255,255,255,0)\u00a0\u00bb button_border_width=\u00a0\u00bb2px\u00a0\u00bb button_border_color=\u00a0\u00bb#000000&Prime; button_border_radius=\u00a0\u00bb0px\u00a0\u00bb button_use_icon=\u00a0\u00bboff\u00a0\u00bb custom_margin=\u00a0\u00bb|||19px|false|false\u00a0\u00bb global_colors_info=\u00a0\u00bb{}\u00a0\u00bb button_border_color__hover_enabled=\u00a0\u00bbon|hover\u00a0\u00bb button_border_color__hover=\u00a0\u00bb#000000&Prime;][\/et_pb_button][\/et_pb_column][\/et_pb_row][et_pb_row column_structure=\u00a0\u00bb1_2,1_2&Prime; disabled_on=\u00a0\u00bboff|off|off\u00a0\u00bb _builder_version=\u00a0\u00bb4.24.2&Prime; _module_preset=\u00a0\u00bbdefault\u00a0\u00bb max_width=\u00a0\u00bb1440px\u00a0\u00bb min_height=\u00a0\u00bb500px\u00a0\u00bb global_colors_info=\u00a0\u00bb{}\u00a0\u00bb][et_pb_column type=\u00a0\u00bb1_2&Prime; _builder_version=\u00a0\u00bb4.21.0&Prime; _module_preset=\u00a0\u00bbdefault\u00a0\u00bb global_colors_info=\u00a0\u00bb{}\u00a0\u00bb][et_pb_image src=\u00a0\u00bbhttps:\/\/centasmed.com\/wp-content\/uploads\/2024\/03\/ijects.jpg\u00a0\u00bb title_text=\u00a0\u00bbijects\u00a0\u00bb align=\u00a0\u00bbcenter\u00a0\u00bb disabled_on=\u00a0\u00bboff|off|on\u00a0\u00bb _builder_version=\u00a0\u00bb4.24.2&Prime; _module_preset=\u00a0\u00bbdefault\u00a0\u00bb global_colors_info=\u00a0\u00bb{}\u00a0\u00bb][\/et_pb_image][et_pb_text _builder_version=\u00a0\u00bb4.21.2&Prime; _module_preset=\u00a0\u00bbdefault\u00a0\u00bb header_font=\u00a0\u00bbRoboto Slab|300|||||||\u00a0\u00bb header_text_color=\u00a0\u00bb#000000&Prime; header_font_size=\u00a0\u00bb40px\u00a0\u00bb header_4_font=\u00a0\u00bbRoboto|||||on|||\u00a0\u00bb header_4_text_align=\u00a0\u00bbleft\u00a0\u00bb header_4_text_color=\u00a0\u00bb#000000&Prime; header_4_font_size=\u00a0\u00bb50px\u00a0\u00bb module_alignment=\u00a0\u00bbleft\u00a0\u00bb custom_margin=\u00a0\u00bb-1px||6px|0px|false|false\u00a0\u00bb global_colors_info=\u00a0\u00bb{}\u00a0\u00bb]<\/p>\n<h1>Botox et produits de comblement<\/h1>\n<p>[\/et_pb_text][et_pb_text _builder_version=\u00a0\u00bb4.24.2&Prime; _module_preset=\u00a0\u00bbdefault\u00a0\u00bb text_font=\u00a0\u00bbInter|300|||||||\u00a0\u00bb text_text_color=\u00a0\u00bb#000000&Prime; text_font_size=\u00a0\u00bb16px\u00a0\u00bb text_line_height=\u00a0\u00bb1.8em\u00a0\u00bb width=\u00a0\u00bb81%\u00a0\u00bb custom_margin=\u00a0\u00bb||10px|||\u00a0\u00bb global_colors_info=\u00a0\u00bb{}\u00a0\u00bb]<\/p>\n<p>Les neuromodulateurs et les produits de comblement dermique sont les principaux types de produits injectables utilis\u00e9s dans les proc\u00e9dures cosm\u00e9tiques.<\/p>\n<p>Les neuromodulateurs, comme le BOTOX\u00ae, ciblent les sillons permanents et les rides profondes en immobilisant partiellement les muscles. Ces injections bloquent les impulsions nerveuses, emp\u00eachant la contraction des muscles et \u00e9liminant temporairement les lignes dynamiques caus\u00e9es par les mouvements musculaires. Cependant, ils peuvent ne pas traiter compl\u00e8tement les rides et les sillons profonds.<\/p>\n<p>D&rsquo;autre part, les produits de comblement dermiques comme Juv\u00e9derm\u00ae traitent la perte de volume due \u00e0 des facteurs tels que la perte de graisse et d&rsquo;os, les changements musculaires et la qualit\u00e9 de la peau. Compos\u00e9s d&rsquo;un gel mou, souvent \u00e0 base d&rsquo;acide hyaluronique, les produits de comblement sont inject\u00e9s dans la peau pour modeler et donner du volume \u00e0 des zones telles que les l\u00e8vres, les joues, le menton, les tempes, le cou et les mains.<\/p>\n<p>La principale distinction r\u00e9side dans leurs zones cibles et leurs m\u00e9canismes : les neuromodulateurs d\u00e9tendent les muscles pour r\u00e9duire les rides dynamiques, tandis que les produits de comblement dermique lissent les rides et restaurent le volume en remplissant directement la peau.<\/p>\n<p>[\/et_pb_text][\/et_pb_column][et_pb_column type=\u00a0\u00bb1_2&Prime; _builder_version=\u00a0\u00bb4.21.0&Prime; _module_preset=\u00a0\u00bbdefault\u00a0\u00bb global_colors_info=\u00a0\u00bb{}\u00a0\u00bb][et_pb_text _builder_version=\u00a0\u00bb4.21.2&Prime; _module_preset=\u00a0\u00bbdefault\u00a0\u00bb header_font=\u00a0\u00bbRoboto Slab|300|||||||\u00a0\u00bb header_text_color=\u00a0\u00bb#000000&Prime; header_font_size=\u00a0\u00bb40px\u00a0\u00bb header_4_font=\u00a0\u00bbRoboto|||||on|||\u00a0\u00bb header_4_text_align=\u00a0\u00bbleft\u00a0\u00bb header_4_text_color=\u00a0\u00bb#000000&Prime; header_4_font_size=\u00a0\u00bb50px\u00a0\u00bb module_alignment=\u00a0\u00bbleft\u00a0\u00bb custom_margin=\u00a0\u00bb-1px||6px|0px|false|false\u00a0\u00bb global_colors_info=\u00a0\u00bb{}\u00a0\u00bb]<\/p>\n<h1>Avantages<\/h1>\n<p>[\/et_pb_text][et_pb_text _builder_version=\u00a0\u00bb4.24.2&Prime; _module_preset=\u00a0\u00bbdefault\u00a0\u00bb text_font=\u00a0\u00bbInter|300|||||||\u00a0\u00bb text_text_color=\u00a0\u00bb#000000&Prime; text_font_size=\u00a0\u00bb16px\u00a0\u00bb text_line_height=\u00a0\u00bb1.8em\u00a0\u00bb width=\u00a0\u00bb81%\u00a0\u00bb custom_margin=\u00a0\u00bb||10px|||\u00a0\u00bb global_colors_info=\u00a0\u00bb{}\u00a0\u00bb]Les avantages de ces traitements peuvent varier consid\u00e9rablement et sont adapt\u00e9s aux besoins sp\u00e9cifiques de chaque patient.<\/p>\n<p>Les neuromodulateurs, tels que le BOTOX\u00ae, sont b\u00e9n\u00e9fiques :<\/p>\n<ul>\n<li>Sillons frontaux<\/li>\n<li>Rides du lion entre les sourcils<\/li>\n<li>Lignes sur l&rsquo;ar\u00eate du nez<\/li>\n<li>Pattes d&rsquo;oie<\/li>\n<li>Bandes de peau sur le cou<\/li>\n<\/ul>\n<p>D&rsquo;autre part, les produits de comblement dermique offrent des avantages tels que<br \/>&nbsp;<\/p>\n<ul>\n<li>\u00c9quilibrer et donner de la dimension aux traits du visage<\/li>\n<li>Lifting des sourcils et des tempes<\/li>\n<li>Rafra\u00eechir les yeux fatigu\u00e9s en adoucissant les creux<\/li>\n<li>Rehausser et d\u00e9finir les l\u00e8vres<\/li>\n<li>Att\u00e9nuation des rides autour de la bouche<\/li>\n<li>Contournement du menton et de la m\u00e2choire<\/li>\n<li>Rajeunir les mains<\/li>\n<li>Am\u00e9liorer la qualit\u00e9 de la peau du cou et du d\u00e9collet\u00e9<\/li>\n<\/ul>\n<p>[\/et_pb_text][\/et_pb_column][\/et_pb_row][et_pb_row disabled_on=\u00a0\u00bboff|off|off\u00a0\u00bb _builder_version=\u00a0\u00bb4.21.0&Prime; _module_preset=\u00a0\u00bbdefault\u00a0\u00bb background_color=\u00a0\u00bb#E3BC9A\u00a0\u00bb width=\u00a0\u00bb100%\u00a0\u00bb max_width=\u00a0\u00bb3840px\u00a0\u00bb min_height=\u00a0\u00bb50px\u00a0\u00bb custom_margin=\u00a0\u00bb20px||10px||false|false\u00a0\u00bb global_colors_info=\u00a0\u00bb{}\u00a0\u00bb][et_pb_column type=\u00a0\u00bb4_4&Prime; _builder_version=\u00a0\u00bb4.21.0&Prime; _module_preset=\u00a0\u00bbdefault\u00a0\u00bb global_colors_info=\u00a0\u00bb{}\u00a0\u00bb][et_pb_text _builder_version=\u00a0\u00bb4.21.2&Prime; _module_preset=\u00a0\u00bbdefault\u00a0\u00bb text_font=\u00a0\u00bbInter||||||||\u00a0\u00bb header_2_font=\u00a0\u00bbRoboto Slab|300|||||||\u00a0\u00bb header_2_text_align=\u00a0\u00bbcenter\u00a0\u00bb header_2_font_size=\u00a0\u00bb50px\u00a0\u00bb width=\u00a0\u00bb100%\u00a0\u00bb custom_margin=\u00a0\u00bb0px||0px||false|false\u00a0\u00bb custom_padding=\u00a0\u00bb2px||0px||false|false\u00a0\u00bb global_colors_info=\u00a0\u00bb{}\u00a0\u00bb]<\/p>\n<h2>D\u00e9couvrez quel traitement<\/h2>\n<h2>vous convient<\/h2>\n<p>&nbsp;<\/p>\n<p>[\/et_pb_text][et_pb_button button_url=\u00a0\u00bb@ET-DC@eyJkeW5hbWljIjp0cnVlLCJjb250ZW50IjoicG9zdF9saW5rX3VybF9wYWdlIiwic2V0dGluZ3MiOnsicG9zdF9pZCI6IjU0MzQifX0=@\u00a0\u00bb button_text=\u00a0\u00bbR\u00c9SERVEZ VOTRE CONSULTATION GRATUITE\u00a0\u00bb button_alignment=\u00a0\u00bbcenter\u00a0\u00bb disabled_on=\u00a0\u00bboff|off|off\u00a0\u00bb admin_label=\u00a0\u00bbFREE CONSULTATION\u00a0\u00bb _builder_version=\u00a0\u00bb4.23.1&Prime; _dynamic_attributes=\u00a0\u00bbbutton_url\u00a0\u00bb _module_preset=\u00a0\u00bbdefault\u00a0\u00bb custom_button=\u00a0\u00bbon\u00a0\u00bb button_text_color=\u00a0\u00bb#000000&Prime; button_bg_color=\u00a0\u00bbRGBA(255,255,255,0)\u00a0\u00bb button_border_width=\u00a0\u00bb2px\u00a0\u00bb button_border_color=\u00a0\u00bb#000000&Prime; button_border_radius=\u00a0\u00bb0px\u00a0\u00bb button_use_icon=\u00a0\u00bboff\u00a0\u00bb global_colors_info=\u00a0\u00bb{}\u00a0\u00bb button_border_color__hover_enabled=\u00a0\u00bbon|hover\u00a0\u00bb button_border_color__hover=\u00a0\u00bb#000000&Prime;][\/et_pb_button][\/et_pb_column][\/et_pb_row][et_pb_row _builder_version=\u00a0\u00bb4.21.2&Prime; _module_preset=\u00a0\u00bbdefault\u00a0\u00bb max_width=\u00a0\u00bb1440px\u00a0\u00bb animation_direction=\u00a0\u00bbbottom\u00a0\u00bb global_colors_info=\u00a0\u00bb{}\u00a0\u00bb][et_pb_column type=\u00a0\u00bb4_4&Prime; _builder_version=\u00a0\u00bb4.21.0&Prime; _module_preset=\u00a0\u00bbdefault\u00a0\u00bb custom_padding=\u00a0\u00bb|||33px|false|false\u00a0\u00bb global_colors_info=\u00a0\u00bb{}\u00a0\u00bb][et_pb_text _builder_version=\u00a0\u00bb4.22.0&Prime; _module_preset=\u00a0\u00bbdefault\u00a0\u00bb header_font=\u00a0\u00bbRoboto Slab|300|||||||\u00a0\u00bb header_text_color=\u00a0\u00bb#000000&Prime; header_font_size=\u00a0\u00bb40px\u00a0\u00bb header_4_font=\u00a0\u00bbRoboto|||||on|||\u00a0\u00bb header_4_text_align=\u00a0\u00bbleft\u00a0\u00bb header_4_text_color=\u00a0\u00bb#000000&Prime; header_4_font_size=\u00a0\u00bb50px\u00a0\u00bb module_alignment=\u00a0\u00bbleft\u00a0\u00bb custom_margin=\u00a0\u00bb-1px||6px|0px|false|false\u00a0\u00bb custom_padding=\u00a0\u00bb62px|||||\u00a0\u00bb global_colors_info=\u00a0\u00bb{}\u00a0\u00bb]<\/p>\n<h1><strong>Ce que vous attendez de votre traitement<\/strong><\/h1>\n<p>[\/et_pb_text][et_pb_text _builder_version=\u00a0\u00bb4.24.2&Prime; _module_preset=\u00a0\u00bbdefault\u00a0\u00bb text_font=\u00a0\u00bbInter|300|||||||\u00a0\u00bb text_text_color=\u00a0\u00bb#000000&Prime; text_font_size=\u00a0\u00bb16px\u00a0\u00bb text_line_height=\u00a0\u00bb1.8em\u00a0\u00bb custom_margin=\u00a0\u00bb||10px|||\u00a0\u00bb global_colors_info=\u00a0\u00bb{}\u00a0\u00bb]<\/p>\n<p>Les proc\u00e9dures injectables sont rapides et ne durent g\u00e9n\u00e9ralement pas plus d&rsquo;une heure, ce qui les rend pratiques m\u00eame pendant la pause d\u00e9jeuner. Les r\u00e9sultats sont visibles rapidement ; par exemple, les produits de comblement ont un effet imm\u00e9diat, tandis que les neuromodulateurs donnent des r\u00e9sultats complets au bout de deux semaines, avec des effets initiaux au bout de trois jours. Le temps de r\u00e9cup\u00e9ration est minime, ce qui permet \u00e0 la plupart des patients de reprendre imm\u00e9diatement leurs activit\u00e9s normales. Pour beaucoup, les injections sont pratiquement indolores ou ne provoquent qu&rsquo;une l\u00e9g\u00e8re g\u00eane temporaire. De fines aiguilles permettent une administration pr\u00e9cise sans anesth\u00e9sie, bien que certains injecteurs puissent utiliser des packs de glace ou des cr\u00e8mes topiques pour plus de confort.<\/p>\n<p>[\/et_pb_text][et_pb_text _builder_version=\u00a0\u00bb4.22.0&Prime; _module_preset=\u00a0\u00bbdefault\u00a0\u00bb header_font=\u00a0\u00bbRoboto Slab|300|||||||\u00a0\u00bb header_text_color=\u00a0\u00bb#000000&Prime; header_font_size=\u00a0\u00bb40px\u00a0\u00bb header_4_font=\u00a0\u00bbRoboto|||||on|||\u00a0\u00bb header_4_text_align=\u00a0\u00bbleft\u00a0\u00bb header_4_text_color=\u00a0\u00bb#000000&Prime; header_4_font_size=\u00a0\u00bb50px\u00a0\u00bb module_alignment=\u00a0\u00bbleft\u00a0\u00bb custom_margin=\u00a0\u00bb-1px||6px|0px|false|false\u00a0\u00bb custom_padding=\u00a0\u00bb62px|||||\u00a0\u00bb global_colors_info=\u00a0\u00bb{}\u00a0\u00bb]<\/p>\n<h1><strong>Dur\u00e9e des r\u00e9sultats<\/strong><\/h1>\n<p>[\/et_pb_text][et_pb_text _builder_version=\u00a0\u00bb4.24.2&Prime; _module_preset=\u00a0\u00bbdefault\u00a0\u00bb text_font=\u00a0\u00bbInter|300|||||||\u00a0\u00bb text_text_color=\u00a0\u00bb#000000&Prime; text_font_size=\u00a0\u00bb16px\u00a0\u00bb text_line_height=\u00a0\u00bb1.8em\u00a0\u00bb custom_margin=\u00a0\u00bb||10px|||\u00a0\u00bb global_colors_info=\u00a0\u00bb{}\u00a0\u00bb]<\/p>\n<p>Les effets lissants des produits injectables sont temporaires et n\u00e9cessitent des traitements p\u00e9riodiques pour conserver l&rsquo;aspect d\u00e9sir\u00e9. La long\u00e9vit\u00e9 des r\u00e9sultats d\u00e9pend de facteurs tels que le type de produit, le dosage, le site d&rsquo;injection et le m\u00e9tabolisme individuel. En r\u00e8gle g\u00e9n\u00e9rale, les neuromodulateurs ont une dur\u00e9e de vie d&rsquo;environ trois \u00e0 quatre mois, tandis que les produits de comblement \u00e0 base d&rsquo;acide hyaluronique ont une dur\u00e9e de vie de six \u00e0 dix-huit mois. Les produits de comblement \u00e0 base d&rsquo;acide hyaluronique sont r\u00e9versibles gr\u00e2ce \u00e0 une enzyme qui dissout le produit de comblement dans les 24 heures si n\u00e9cessaire. Cependant, les neuromodulateurs ne sont pas r\u00e9versibles, ce qui souligne l&rsquo;importance de commencer avec des doses conservatrices et de les ajuster si n\u00e9cessaire.<\/p>\n<p>[\/et_pb_text][et_pb_text _builder_version=\u00a0\u00bb4.22.0&Prime; _module_preset=\u00a0\u00bbdefault\u00a0\u00bb header_font=\u00a0\u00bbRoboto Slab|300|||||||\u00a0\u00bb header_text_color=\u00a0\u00bb#000000&Prime; header_font_size=\u00a0\u00bb40px\u00a0\u00bb header_4_font=\u00a0\u00bbRoboto|||||on|||\u00a0\u00bb header_4_text_align=\u00a0\u00bbleft\u00a0\u00bb header_4_text_color=\u00a0\u00bb#000000&Prime; header_4_font_size=\u00a0\u00bb50px\u00a0\u00bb module_alignment=\u00a0\u00bbleft\u00a0\u00bb custom_margin=\u00a0\u00bb-1px||6px|0px|false|false\u00a0\u00bb custom_padding=\u00a0\u00bb62px|||||\u00a0\u00bb global_colors_info=\u00a0\u00bb{}\u00a0\u00bb]<\/p>\n<h1><strong>Effets secondaires et risques potentiels<\/strong><\/h1>\n<p>[\/et_pb_text][et_pb_text _builder_version=\u00a0\u00bb4.24.2&Prime; _module_preset=\u00a0\u00bbdefault\u00a0\u00bb text_font=\u00a0\u00bbInter|300|||||||\u00a0\u00bb text_text_color=\u00a0\u00bb#000000&Prime; text_font_size=\u00a0\u00bb16px\u00a0\u00bb text_line_height=\u00a0\u00bb1.8em\u00a0\u00bb custom_margin=\u00a0\u00bb||10px|||\u00a0\u00bb global_colors_info=\u00a0\u00bb{}\u00a0\u00bb]<\/p>\n<p>Bien qu&rsquo;elles soient non chirurgicales, les proc\u00e9dures injectables comportent certains risques. Les effets secondaires les plus fr\u00e9quents sont les suivants<\/p>\n<ul>\n<li>L\u00e9g\u00e8re g\u00eane<\/li>\n<li>Contusions<\/li>\n<li>Rougeurs<\/li>\n<li>Gonflement<\/li>\n<li>Infection<\/li>\n<li>Inflammation<\/li>\n<li>Tendresse<\/li>\n<li>Saignement mineur<\/li>\n<\/ul>\n<p>La plupart de ces r\u00e9actions sont temporaires, mais certaines peuvent persister pendant plusieurs mois.<\/p>\n<p>[\/et_pb_text][et_pb_text _builder_version=\u00a0\u00bb4.22.0&Prime; _module_preset=\u00a0\u00bbdefault\u00a0\u00bb header_font=\u00a0\u00bbRoboto Slab|300|||||||\u00a0\u00bb header_text_color=\u00a0\u00bb#000000&Prime; header_font_size=\u00a0\u00bb40px\u00a0\u00bb header_4_font=\u00a0\u00bbRoboto|||||on|||\u00a0\u00bb header_4_text_align=\u00a0\u00bbleft\u00a0\u00bb header_4_text_color=\u00a0\u00bb#000000&Prime; header_4_font_size=\u00a0\u00bb50px\u00a0\u00bb module_alignment=\u00a0\u00bbleft\u00a0\u00bb custom_margin=\u00a0\u00bb-1px||6px|0px|false|false\u00a0\u00bb custom_padding=\u00a0\u00bb62px|||||\u00a0\u00bb global_colors_info=\u00a0\u00bb{}\u00a0\u00bb]<\/p>\n<h1><strong>Qui devrait \u00e9viter les produits injectables ?<\/strong><\/h1>\n<p>[\/et_pb_text][et_pb_text _builder_version=\u00a0\u00bb4.24.2&Prime; _module_preset=\u00a0\u00bbdefault\u00a0\u00bb text_font=\u00a0\u00bbInter|300|||||||\u00a0\u00bb text_text_color=\u00a0\u00bb#000000&Prime; text_font_size=\u00a0\u00bb16px\u00a0\u00bb text_line_height=\u00a0\u00bb1.8em\u00a0\u00bb custom_margin=\u00a0\u00bb||10px|||\u00a0\u00bb global_colors_info=\u00a0\u00bb{}\u00a0\u00bb]<\/p>\n<p>Si c&rsquo;est le cas, vous devez vous abstenir de proc\u00e9der \u00e0 des injections cosm\u00e9tiques :<\/p>\n<ul>\n<li>Moins de 18 ans<\/li>\n<li>Maladie<\/li>\n<li>Vous avez r\u00e9cemment subi des soins dentaires, des injections ou des vaccinations au cours des deux derni\u00e8res semaines.<\/li>\n<li>Enceinte ou allaitante<\/li>\n<\/ul>\n<p>En outre, les injectables peuvent ne pas convenir si vous avez :<\/p>\n<ul>\n<li>Certaines conditions m\u00e9dicales comme les maladies auto-immunes<\/li>\n<li>Ant\u00e9c\u00e9dents de cicatrices ch\u00e9lo\u00efdes (cicatrices en relief)<\/li>\n<li>Peau enflamm\u00e9e ou infect\u00e9e<\/li>\n<li>Allergies graves<\/li>\n<\/ul>\n<p>Informez votre m\u00e9decin de tous les m\u00e9dicaments que vous prenez, qu&rsquo;il s&rsquo;agisse de m\u00e9dicaments sur ordonnance ou en vente libre.<\/p>\n<p>[\/et_pb_text][\/et_pb_column][\/et_pb_row][\/et_pb_section]<\/p>\n<span class=\"et_bloom_bottom_trigger\"><\/span>","protected":false},"excerpt":{"rendered":"<p>Botox et produits de comblementInjectionsLes injections de Botox et de produits de comblement sont les interventions esth\u00e9tiques peu invasives les plus recherch\u00e9es au Canada. Ces proc\u00e9dures ont pour but d&rsquo;affiner, de remodeler ou d&rsquo;am\u00e9liorer les traits du visage, afin d&rsquo;en accentuer la beaut\u00e9 inn\u00e9e. Nos patients optent pour ces injections afin d&rsquo;harmoniser leur apparence ext\u00e9rieure [&hellip;]<\/p>\n","protected":false},"author":1,"featured_media":0,"parent":4127,"menu_order":0,"comment_status":"closed","ping_status":"closed","template":"","meta":{"_et_pb_use_builder":"on","_et_pb_old_content":"","_et_gb_content_width":"","_glsr_average":0,"_glsr_ranking":0,"_glsr_reviews":0,"footnotes":""},"class_list":["post-5956","page","type-page","status-publish","hentry"],"_links":{"self":[{"href":"https:\/\/centasmed.com\/fr\/wp-json\/wp\/v2\/pages\/5956","targetHints":{"allow":["GET"]}}],"collection":[{"href":"https:\/\/centasmed.com\/fr\/wp-json\/wp\/v2\/pages"}],"about":[{"href":"https:\/\/centasmed.com\/fr\/wp-json\/wp\/v2\/types\/page"}],"author":[{"embeddable":true,"href":"https:\/\/centasmed.com\/fr\/wp-json\/wp\/v2\/users\/1"}],"replies":[{"embeddable":true,"href":"https:\/\/centasmed.com\/fr\/wp-json\/wp\/v2\/comments?post=5956"}],"version-history":[{"count":5,"href":"https:\/\/centasmed.com\/fr\/wp-json\/wp\/v2\/pages\/5956\/revisions"}],"predecessor-version":[{"id":6015,"href":"https:\/\/centasmed.com\/fr\/wp-json\/wp\/v2\/pages\/5956\/revisions\/6015"}],"up":[{"embeddable":true,"href":"https:\/\/centasmed.com\/fr\/wp-json\/wp\/v2\/pages\/4127"}],"wp:attachment":[{"href":"https:\/\/centasmed.com\/fr\/wp-json\/wp\/v2\/media?parent=5956"}],"curies":[{"name":"wp","href":"https:\/\/api.w.org\/{rel}","templated":true}]}}