{"id":3297,"date":"2023-06-23T13:38:31","date_gmt":"2023-06-23T17:38:31","guid":{"rendered":"https:\/\/centasmed.com\/infirmiere-en-pediatrie\/"},"modified":"2023-07-04T08:57:09","modified_gmt":"2023-07-04T12:57:09","slug":"infirmiere-en-pediatrie","status":"publish","type":"page","link":"https:\/\/centasmed.com\/fr\/infirmiere-en-pediatrie\/","title":{"rendered":"Infirmi\u00e8re en p\u00e9diatrie"},"content":{"rendered":"<p>[et_pb_section fb_built=\u00a0\u00bb1&Prime; admin_label=\u00a0\u00bbHero\u00a0\u00bb _builder_version=\u00a0\u00bb4.16&Prime; custom_padding=\u00a0\u00bb0|0px|0px|0px|false|false\u00a0\u00bb bottom_divider_height=\u00a0\u00bb0px\u00a0\u00bb border_width_bottom=\u00a0\u00bb1px\u00a0\u00bb border_color_bottom=\u00a0\u00bb#efefef\u00a0\u00bb global_colors_info=\u00a0\u00bb{}\u00a0\u00bb][et_pb_row column_structure=\u00a0\u00bb1_2,1_2&Prime; _builder_version=\u00a0\u00bb4.19.1&Prime; width=\u00a0\u00bb100%\u00a0\u00bb max_width=\u00a0\u00bb100%\u00a0\u00bb custom_margin=\u00a0\u00bb|||\u00a0\u00bb custom_margin_tablet=\u00a0\u00bb||0px|\u00a0\u00bb custom_margin_phone=\u00a0\u00bb\u00a0\u00bb custom_margin_last_edited=\u00a0\u00bbon|desktop\u00a0\u00bb custom_padding=\u00a0\u00bb61px|0px|27px|0px|false|false\u00a0\u00bb use_custom_width=\u00a0\u00bbon\u00a0\u00bb width_unit=\u00a0\u00bboff\u00a0\u00bb custom_width_percent=\u00a0\u00bb100%\u00a0\u00bb global_colors_info=\u00a0\u00bb{}\u00a0\u00bb][et_pb_column type=\u00a0\u00bb1_2&Prime; _builder_version=\u00a0\u00bb4.16&Prime; custom_padding=\u00a0\u00bb6%||6%|12%\u00a0\u00bb custom_padding_tablet=\u00a0\u00bb50px|50px|50px|50px\u00a0\u00bb custom_padding_phone=\u00a0\u00bb50px|50px|50px|50px\u00a0\u00bb custom_padding_last_edited=\u00a0\u00bbon|tablet\u00a0\u00bb global_colors_info=\u00a0\u00bb{}\u00a0\u00bb padding_tablet=\u00a0\u00bb50px|50px|50px|50px\u00a0\u00bb padding_last_edited=\u00a0\u00bbon|tablet\u00a0\u00bb custom_padding__hover=\u00a0\u00bb|||\u00a0\u00bb padding_phone=\u00a0\u00bb50px|50px|50px|50px\u00a0\u00bb][et_pb_text _builder_version=\u00a0\u00bb4.21.0&Prime; text_font=\u00a0\u00bbMontserrat|300|||||||\u00a0\u00bb text_text_color=\u00a0\u00bb#677a92&Prime; text_font_size=\u00a0\u00bb16px\u00a0\u00bb text_line_height=\u00a0\u00bb1.8em\u00a0\u00bb header_font=\u00a0\u00bbMontserrat||||||||\u00a0\u00bb header_font_size=\u00a0\u00bb50px\u00a0\u00bb header_line_height=\u00a0\u00bb1.3em\u00a0\u00bb header_2_font=\u00a0\u00bb||||||||\u00a0\u00bb max_width=\u00a0\u00bb600px\u00a0\u00bb custom_margin=\u00a0\u00bb-70px||||false|false\u00a0\u00bb custom_margin_tablet=\u00a0\u00bb0px|50px||50px\u00a0\u00bb custom_margin_phone=\u00a0\u00bb|20px||\u00a0\u00bb custom_margin_last_edited=\u00a0\u00bboff|desktop\u00a0\u00bb custom_padding=\u00a0\u00bb0px|||20px|false|false\u00a0\u00bb text_line_height_tablet=\u00a0\u00bb1.8em\u00a0\u00bb text_line_height_phone=\u00a0\u00bb1.8em\u00a0\u00bb text_line_height_last_edited=\u00a0\u00bbon|phone\u00a0\u00bb header_font_size_tablet=\u00a0\u00bb\u00a0\u00bb header_font_size_phone=\u00a0\u00bb36px\u00a0\u00bb header_font_size_last_edited=\u00a0\u00bbon|phone\u00a0\u00bb header_2_font_size_phone=\u00a0\u00bb30px\u00a0\u00bb header_2_font_size_last_edited=\u00a0\u00bboff|desktop\u00a0\u00bb locked=\u00a0\u00bboff\u00a0\u00bb global_colors_info=\u00a0\u00bb{}\u00a0\u00bb]<\/p>\n<h1>Infirmi\u00e8re en p\u00e9diatrie<\/h1>\n<p>[\/et_pb_text][et_pb_text _builder_version=\u00a0\u00bb4.21.0&Prime; text_font=\u00a0\u00bbMontserrat|300|||||||\u00a0\u00bb text_font_size=\u00a0\u00bb16px\u00a0\u00bb text_line_height=\u00a0\u00bb2em\u00a0\u00bb link_font=\u00a0\u00bb||||||||\u00a0\u00bb ul_font=\u00a0\u00bb||||||||\u00a0\u00bb ol_font=\u00a0\u00bb||||||||\u00a0\u00bb quote_font=\u00a0\u00bb||||||||\u00a0\u00bb header_font=\u00a0\u00bb||||||||\u00a0\u00bb header_2_font=\u00a0\u00bbMontserrat|300|||||||\u00a0\u00bb header_2_text_color=\u00a0\u00bb#212d3b\u00a0\u00bb header_2_font_size=\u00a0\u00bb40px\u00a0\u00bb header_2_line_height=\u00a0\u00bb1.5em\u00a0\u00bb max_width=\u00a0\u00bb600px\u00a0\u00bb custom_margin=\u00a0\u00bb||-5px|||\u00a0\u00bb custom_margin_tablet=\u00a0\u00bb0px|50px||50px\u00a0\u00bb custom_margin_last_edited=\u00a0\u00bboff|desktop\u00a0\u00bb custom_padding=\u00a0\u00bb||0px|20px|false|false\u00a0\u00bb locked=\u00a0\u00bboff\u00a0\u00bb global_colors_info=\u00a0\u00bb{}\u00a0\u00bb]<\/p>\n<p><span style=\"color: #000000;\">Faites l&rsquo;exp\u00e9rience de la commodit\u00e9 des soins p\u00e9diatriques de premier ordre dans le confort de votre propre maison. Gr\u00e2ce \u00e0 notre \u00e9quipe d&rsquo;infirmi\u00e8res dipl\u00f4m\u00e9es tr\u00e8s exp\u00e9riment\u00e9es, nous apportons des soins de qualit\u00e9 \u00e0 votre porte.<\/span><\/p>\n<p><span style=\"color: #000000;\"><strong>Examens \u00e0 domicile des nouveau-n\u00e9s<\/strong>: Nous proposons des examens complets des nouveau-n\u00e9s dans le confort de votre domicile, ce qui vous \u00e9vite des visites \u00e0 l&rsquo;h\u00f4pital tout en garantissant \u00e0 votre b\u00e9b\u00e9 un d\u00e9part en bonne sant\u00e9.<\/span><\/p>\n<p><span style=\"color: #000000;\"><strong>Programme de vaccination des enfants<\/strong>: Respectez le calendrier de vaccination du Qu\u00e9bec pour les enfants gr\u00e2ce \u00e0 notre service fiable de vaccination \u00e0 domicile.<\/span><span style=\"color: #000000;\"><\/span><\/p>\n<p><span style=\"color: #000000;\"><strong>Consultations de t\u00e9l\u00e9sant\u00e9<\/strong>: <span>Offre des consultations rapides de 15 minutes aux parents qui souhaitent obtenir des conseils sur la sant\u00e9 de leur enfant.<\/span><\/span><\/p>\n<p>[\/et_pb_text][et_pb_button button_url=\u00a0\u00bbhttps:\/\/centasmed.janeapp.com\/locations\/centas-infirmiere-mobile-chez-vous-mobile-nurse-at-home\/book#\/staff_member\/38&Prime; button_text=\u00a0\u00bbPrendre un rendez-vous\u00a0\u00bb button_alignment=\u00a0\u00bbcenter\u00a0\u00bb disabled_on=\u00a0\u00bboff|off|off\u00a0\u00bb admin_label=\u00a0\u00bbBook Now Pediatric \u00a0\u00bb _builder_version=\u00a0\u00bb4.21.0&Prime; _module_preset=\u00a0\u00bbdefault\u00a0\u00bb custom_button=\u00a0\u00bbon\u00a0\u00bb button_text_color=\u00a0\u00bb#FFFFFF\u00a0\u00bb button_bg_color=\u00a0\u00bb#7CDA24&Prime; custom_margin=\u00a0\u00bb19px|||14px|false|false\u00a0\u00bb global_colors_info=\u00a0\u00bb{}\u00a0\u00bb][\/et_pb_button][\/et_pb_column][et_pb_column type=\u00a0\u00bb1_2&Prime; _builder_version=\u00a0\u00bb4.16&Prime; custom_padding=\u00a0\u00bb|||\u00a0\u00bb global_colors_info=\u00a0\u00bb{}\u00a0\u00bb custom_padding__hover=\u00a0\u00bb|||\u00a0\u00bb][et_pb_image src=\u00a0\u00bbhttps:\/\/centasmed.com\/wp-content\/uploads\/2023\/06\/Ped1.jpg\u00a0\u00bb title_text=\u00a0\u00bbPed1&Prime; _builder_version=\u00a0\u00bb4.21.0&Prime; _module_preset=\u00a0\u00bbdefault\u00a0\u00bb custom_padding=\u00a0\u00bb12px|10px||16px|false|false\u00a0\u00bb custom_padding_tablet=\u00a0\u00bb|10px||10px|false|false\u00a0\u00bb custom_padding_phone=\u00a0\u00bb|10px||10px|false|false\u00a0\u00bb custom_padding_last_edited=\u00a0\u00bbon|desktop\u00a0\u00bb border_radii=\u00a0\u00bbon|25px|25px|25px|25px\u00a0\u00bb global_colors_info=\u00a0\u00bb{}\u00a0\u00bb][\/et_pb_image][\/et_pb_column][\/et_pb_row][\/et_pb_section][et_pb_section fb_built=\u00a0\u00bb1&Prime; _builder_version=\u00a0\u00bb4.19.1&Prime; custom_padding=\u00a0\u00bb0px|0px|0px|0px|false|false\u00a0\u00bb locked=\u00a0\u00bboff\u00a0\u00bb global_colors_info=\u00a0\u00bb{}\u00a0\u00bb][et_pb_row column_structure=\u00a0\u00bb1_3,1_3,1_3&Prime; _builder_version=\u00a0\u00bb4.16&Prime; custom_margin=\u00a0\u00bb|||\u00a0\u00bb custom_margin_tablet=\u00a0\u00bb||0px|\u00a0\u00bb custom_margin_phone=\u00a0\u00bb\u00a0\u00bb custom_margin_last_edited=\u00a0\u00bbon|desktop\u00a0\u00bb custom_padding=\u00a0\u00bb|||\u00a0\u00bb global_colors_info=\u00a0\u00bb{}\u00a0\u00bb][et_pb_column type=\u00a0\u00bb1_3&Prime; _builder_version=\u00a0\u00bb4.16&Prime; custom_padding=\u00a0\u00bb|||\u00a0\u00bb custom_padding_tablet=\u00a0\u00bb0px|50px|50px|50px\u00a0\u00bb custom_padding_last_edited=\u00a0\u00bboff|desktop\u00a0\u00bb global_colors_info=\u00a0\u00bb{}\u00a0\u00bb padding_tablet=\u00a0\u00bb0px|50px|50px|50px\u00a0\u00bb padding_last_edited=\u00a0\u00bboff|desktop\u00a0\u00bb custom_padding__hover=\u00a0\u00bb|||\u00a0\u00bb][et_pb_cta title=\u00a0\u00bbContr\u00f4le \u00e0 domicile du bien-\u00eatre des nouveau-n\u00e9s :\u00a0\u00bb admin_label=\u00a0\u00bbWellness Check\u00a0\u00bb _builder_version=\u00a0\u00bb4.21.0&Prime; _module_preset=\u00a0\u00bbdefault\u00a0\u00bb body_text_color=\u00a0\u00bb#FFFFFF\u00a0\u00bb background_color=\u00a0\u00bb#0C71C3&Prime; custom_button=\u00a0\u00bbon\u00a0\u00bb border_radii=\u00a0\u00bbon|20px|20px|20px|20px\u00a0\u00bb global_colors_info=\u00a0\u00bb{}\u00a0\u00bb]Notre infirmi\u00e8re qualifi\u00e9e \u00e9valuera la croissance, le poids et les habitudes alimentaires de votre b\u00e9b\u00e9 \u00e0 l&rsquo;aide d&rsquo;un \u00e9quipement m\u00e9dical professionnel, et examinera le cordon ombilical et le teint de la peau pour d\u00e9tecter les signes de jaunisse. Nous sommes \u00e9galement l\u00e0 pour r\u00e9pondre \u00e0 toutes vos questions. Veuillez noter que des frais de d\u00e9placement suppl\u00e9mentaires peuvent s&rsquo;appliquer pour les lieux situ\u00e9s en dehors de l&rsquo;\u00eele. [\/et_pb_cta][et_pb_button button_url=\u00a0\u00bbhttps:\/\/centasmed.janeapp.com\/locations\/centas-infirmiere-mobile-chez-vous-mobile-nurse-at-home\/book#\/staff_member\/38&Prime; button_text=\u00a0\u00bbPrendre un rendez-vous\u00a0\u00bb button_alignment=\u00a0\u00bbcenter\u00a0\u00bb disabled_on=\u00a0\u00bboff|off|off\u00a0\u00bb admin_label=\u00a0\u00bbBook Now Pediatric \u00a0\u00bb _builder_version=\u00a0\u00bb4.21.0&Prime; _module_preset=\u00a0\u00bbdefault\u00a0\u00bb custom_button=\u00a0\u00bbon\u00a0\u00bb button_text_color=\u00a0\u00bb#FFFFFF\u00a0\u00bb button_bg_color=\u00a0\u00bb#7CDA24&Prime; custom_margin=\u00a0\u00bb19px||70px|14px|false|false\u00a0\u00bb custom_padding=\u00a0\u00bb||7px||false|false\u00a0\u00bb background_layout_tablet=\u00a0\u00bb\u00a0\u00bb background_layout_phone=\u00a0\u00bb\u00a0\u00bb background_layout_last_edited=\u00a0\u00bbon|desktop\u00a0\u00bb global_colors_info=\u00a0\u00bb{}\u00a0\u00bb][\/et_pb_button][et_pb_accordion open_toggle_background_color=\u00a0\u00bbrgba(0,0,0,0.03)\u00a0\u00bb closed_toggle_background_color=\u00a0\u00bbrgba(0,0,0,0.03)\u00a0\u00bb icon_color=\u00a0\u00bb#2f8cff\u00a0\u00bb _builder_version=\u00a0\u00bb4.21.0&Prime; toggle_font=\u00a0\u00bbMontserrat|300|||||||\u00a0\u00bb toggle_font_size=\u00a0\u00bb20px\u00a0\u00bb toggle_line_height=\u00a0\u00bb1.6em\u00a0\u00bb body_font=\u00a0\u00bbMontserrat|300|||||||\u00a0\u00bb body_font_size=\u00a0\u00bb16px\u00a0\u00bb body_line_height=\u00a0\u00bb2em\u00a0\u00bb custom_margin=\u00a0\u00bb-41px|||||\u00a0\u00bb animation_style=\u00a0\u00bbzoom\u00a0\u00bb animation_direction=\u00a0\u00bbtop\u00a0\u00bb animation_intensity_zoom=\u00a0\u00bb10%\u00a0\u00bb hover_enabled=\u00a0\u00bb0&Prime; border_radii=\u00a0\u00bbon|10px|10px|10px|10px\u00a0\u00bb border_width_all=\u00a0\u00bb0px\u00a0\u00bb global_colors_info=\u00a0\u00bb{}\u00a0\u00bb sticky_enabled=\u00a0\u00bb0&Prime;][et_pb_accordion_item title=\u00a0\u00bbComment r\u00e9server ?\u00a0\u00bb _builder_version=\u00a0\u00bb4.21.0&Prime; _module_preset=\u00a0\u00bbdefault\u00a0\u00bb global_colors_info=\u00a0\u00bb{}\u00a0\u00bb open=\u00a0\u00bboff\u00a0\u00bb]<\/p>\n<ol>\n<li>S\u00e9lectionnez la date et l&rsquo;heure de votre rendez-vous.<\/li>\n<li>Un formulaire d&rsquo;admission sera envoy\u00e9 par courriel apr\u00e8s la r\u00e9servation.<\/li>\n<li>Notre infirmi\u00e8re examinera le dossier du patient.<\/li>\n<li>Une infirmi\u00e8re se rendra \u00e0 votre domicile pour examiner votre b\u00e9b\u00e9 et r\u00e9pondre \u00e0 vos questions.<\/li>\n<\/ol>\n<p>[\/et_pb_accordion_item][et_pb_accordion_item title=\u00a0\u00bbQuel est le co\u00fbt ?\u00a0\u00bb open=\u00a0\u00bbon\u00a0\u00bb _builder_version=\u00a0\u00bb4.21.0&Prime; _module_preset=\u00a0\u00bbdefault\u00a0\u00bb hover_enabled=\u00a0\u00bb0&Prime; global_colors_info=\u00a0\u00bb{}\u00a0\u00bb sticky_enabled=\u00a0\u00bb0&Prime;]<\/p>\n<p>120 $ Pour la visite d&rsquo;une infirmi\u00e8re<\/p>\n<p>(+ 75 $ hors de l\u2019\u00eele de Montr\u00e9al)<\/p>\n<p>[\/et_pb_accordion_item][\/et_pb_accordion][\/et_pb_column][et_pb_column type=\u00a0\u00bb1_3&Prime; _builder_version=\u00a0\u00bb4.16&Prime; custom_padding=\u00a0\u00bb|||\u00a0\u00bb global_colors_info=\u00a0\u00bb{}\u00a0\u00bb custom_padding__hover=\u00a0\u00bb|||\u00a0\u00bb][et_pb_cta title=\u00a0\u00bbConsultation en t\u00e9l\u00e9sant\u00e9\u00a0\u00bb admin_label=\u00a0\u00bbTele\u00a0\u00bb _builder_version=\u00a0\u00bb4.21.0&Prime; _module_preset=\u00a0\u00bbdefault\u00a0\u00bb body_text_color=\u00a0\u00bb#FFFFFF\u00a0\u00bb background_color=\u00a0\u00bb#0C71C3&Prime; custom_button=\u00a0\u00bbon\u00a0\u00bb border_radii=\u00a0\u00bbon|20px|20px|20px|20px\u00a0\u00bb global_colors_info=\u00a0\u00bb{}\u00a0\u00bb]<\/p>\n<p>Le service infirmier Telehealth de Centas Med propose une consultation virtuelle de 15 minutes visant \u00e0 r\u00e9pondre aux questions des parents sur la sant\u00e9 du nouveau-n\u00e9 et de l&rsquo;enfant. Il s&rsquo;agit d&rsquo;une plateforme d&rsquo;information, qui ne remplace pas une visite chez le m\u00e9decin, o\u00f9 les parents peuvent rechercher des informations simples et claires pour prendre des d\u00e9cisions \u00e9clair\u00e9es concernant la sant\u00e9 de leur enfant.<\/p>\n<p>[\/et_pb_cta][et_pb_button button_url=\u00a0\u00bbhttps:\/\/centasmed.janeapp.com\/locations\/centas-infirmiere-mobile-chez-vous-mobile-nurse-at-home\/book#\/staff_member\/38&Prime; button_text=\u00a0\u00bbPrendre un rendez-vous\u00a0\u00bb button_alignment=\u00a0\u00bbcenter\u00a0\u00bb disabled_on=\u00a0\u00bboff|off|off\u00a0\u00bb admin_label=\u00a0\u00bbBook Now Pediatric \u00a0\u00bb _builder_version=\u00a0\u00bb4.21.0&Prime; _module_preset=\u00a0\u00bbdefault\u00a0\u00bb custom_button=\u00a0\u00bbon\u00a0\u00bb button_text_color=\u00a0\u00bb#FFFFFF\u00a0\u00bb button_bg_color=\u00a0\u00bb#7CDA24&Prime; custom_margin=\u00a0\u00bb19px||70px|14px|false|false\u00a0\u00bb custom_padding=\u00a0\u00bb||7px||false|false\u00a0\u00bb background_layout_tablet=\u00a0\u00bb\u00a0\u00bb background_layout_phone=\u00a0\u00bb\u00a0\u00bb background_layout_last_edited=\u00a0\u00bbon|desktop\u00a0\u00bb global_colors_info=\u00a0\u00bb{}\u00a0\u00bb][\/et_pb_button][et_pb_accordion open_toggle_background_color=\u00a0\u00bbrgba(0,0,0,0.03)\u00a0\u00bb closed_toggle_background_color=\u00a0\u00bbrgba(0,0,0,0.03)\u00a0\u00bb icon_color=\u00a0\u00bb#2f8cff\u00a0\u00bb _builder_version=\u00a0\u00bb4.21.0&Prime; toggle_font=\u00a0\u00bbMontserrat|300|||||||\u00a0\u00bb toggle_font_size=\u00a0\u00bb20px\u00a0\u00bb toggle_line_height=\u00a0\u00bb1.6em\u00a0\u00bb body_font=\u00a0\u00bbMontserrat|300|||||||\u00a0\u00bb body_font_size=\u00a0\u00bb16px\u00a0\u00bb body_line_height=\u00a0\u00bb2em\u00a0\u00bb custom_margin=\u00a0\u00bb-41px|||||\u00a0\u00bb animation_style=\u00a0\u00bbzoom\u00a0\u00bb animation_direction=\u00a0\u00bbtop\u00a0\u00bb animation_intensity_zoom=\u00a0\u00bb10%\u00a0\u00bb border_radii=\u00a0\u00bbon|10px|10px|10px|10px\u00a0\u00bb border_width_all=\u00a0\u00bb0px\u00a0\u00bb global_colors_info=\u00a0\u00bb{}\u00a0\u00bb][et_pb_accordion_item title=\u00a0\u00bbComment r\u00e9server ?\u00a0\u00bb open=\u00a0\u00bboff\u00a0\u00bb _builder_version=\u00a0\u00bb4.21.0&Prime; _module_preset=\u00a0\u00bbdefault\u00a0\u00bb global_colors_info=\u00a0\u00bb{}\u00a0\u00bb]<\/p>\n<ol>\n<li>S\u00e9lectionnez la date et l&rsquo;heure de votre rendez-vous.<\/li>\n<li>Un formulaire d&rsquo;admission sera envoy\u00e9 apr\u00e8s la r\u00e9servation. Veuillez r\u00e9pondre aux questions afin que notre infirmi\u00e8re puisse \u00eatre pr\u00eate \u00e0 r\u00e9pondre \u00e0 toutes vos questions.<\/li>\n<li>Un lien vid\u00e9o vous sera envoy\u00e9 avant le rendez-vous.  <\/li>\n<\/ol>\n<p>&nbsp;<\/p>\n<p>[\/et_pb_accordion_item][et_pb_accordion_item title=\u00a0\u00bbQuel est le co\u00fbt ?\u00a0\u00bb _builder_version=\u00a0\u00bb4.21.0&Prime; _module_preset=\u00a0\u00bbdefault\u00a0\u00bb global_colors_info=\u00a0\u00bb{}\u00a0\u00bb open=\u00a0\u00bbon\u00a0\u00bb]<\/p>\n<p>50 $ pour une consultation de 15 minutes avec une infirmi\u00e8re p\u00e9diatrique de Centas Med.  <\/p>\n<p>[\/et_pb_accordion_item][\/et_pb_accordion][\/et_pb_column][et_pb_column type=\u00a0\u00bb1_3&Prime; _builder_version=\u00a0\u00bb4.16&Prime; custom_padding=\u00a0\u00bb|||\u00a0\u00bb global_colors_info=\u00a0\u00bb{}\u00a0\u00bb custom_padding__hover=\u00a0\u00bb|||\u00a0\u00bb][et_pb_cta title=\u00a0\u00bbProgramme de vaccination des enfants\u00a0\u00bb admin_label=\u00a0\u00bbVaccination\u00a0\u00bb _builder_version=\u00a0\u00bb4.21.0&Prime; _module_preset=\u00a0\u00bbdefault\u00a0\u00bb body_text_color=\u00a0\u00bb#FFFFFF\u00a0\u00bb background_color=\u00a0\u00bb#0C71C3&Prime; custom_button=\u00a0\u00bbon\u00a0\u00bb border_radii=\u00a0\u00bbon|20px|20px|20px|20px\u00a0\u00bb global_colors_info=\u00a0\u00bb{}\u00a0\u00bb]Restez \u00e0 jour dans les vaccinations de votre enfant. Nous suivons le calendrier d\u00e9crit dans le Protocole d&rsquo;immunisation du Qu\u00e9bec (PIQ). Veuillez nous contacter si vous souhaitez que votre enfant suive un autre horaire. Nos re\u00e7us d\u00e9taill\u00e9s peuvent \u00eatre utilis\u00e9s pour pr\u00e9senter une demande \u00e0 votre assurance priv\u00e9e. [\/et_pb_cta][et_pb_button button_url=\u00a0\u00bbhttps:\/\/centasmed.janeapp.com\/locations\/centas-infirmiere-mobile-chez-vous-mobile-nurse-at-home\/book#\/staff_member\/38&Prime; button_text=\u00a0\u00bbPrendre un rendez-vous\u00a0\u00bb button_alignment=\u00a0\u00bbcenter\u00a0\u00bb disabled_on=\u00a0\u00bboff|off|off\u00a0\u00bb admin_label=\u00a0\u00bbBook Now Pediatric \u00a0\u00bb _builder_version=\u00a0\u00bb4.21.0&Prime; _module_preset=\u00a0\u00bbdefault\u00a0\u00bb custom_button=\u00a0\u00bbon\u00a0\u00bb button_text_color=\u00a0\u00bb#FFFFFF\u00a0\u00bb button_bg_color=\u00a0\u00bb#7CDA24&Prime; custom_margin=\u00a0\u00bb19px||70px|14px|false|false\u00a0\u00bb custom_padding=\u00a0\u00bb||7px||false|false\u00a0\u00bb background_layout_tablet=\u00a0\u00bb\u00a0\u00bb background_layout_phone=\u00a0\u00bb\u00a0\u00bb background_layout_last_edited=\u00a0\u00bbon|desktop\u00a0\u00bb global_colors_info=\u00a0\u00bb{}\u00a0\u00bb][\/et_pb_button][et_pb_accordion open_toggle_background_color=\u00a0\u00bbrgba(0,0,0,0.03)\u00a0\u00bb closed_toggle_background_color=\u00a0\u00bbrgba(0,0,0,0.03)\u00a0\u00bb icon_color=\u00a0\u00bb#2f8cff\u00a0\u00bb _builder_version=\u00a0\u00bb4.21.0&Prime; toggle_font=\u00a0\u00bbMontserrat|300|||||||\u00a0\u00bb toggle_font_size=\u00a0\u00bb20px\u00a0\u00bb toggle_line_height=\u00a0\u00bb1.6em\u00a0\u00bb body_font=\u00a0\u00bbMontserrat|300|||||||\u00a0\u00bb body_font_size=\u00a0\u00bb16px\u00a0\u00bb body_line_height=\u00a0\u00bb2em\u00a0\u00bb custom_margin=\u00a0\u00bb-41px|||||\u00a0\u00bb animation_style=\u00a0\u00bbzoom\u00a0\u00bb animation_direction=\u00a0\u00bbtop\u00a0\u00bb animation_intensity_zoom=\u00a0\u00bb10%\u00a0\u00bb hover_enabled=\u00a0\u00bb0&Prime; border_radii=\u00a0\u00bbon|10px|10px|10px|10px\u00a0\u00bb border_width_all=\u00a0\u00bb0px\u00a0\u00bb global_colors_info=\u00a0\u00bb{}\u00a0\u00bb sticky_enabled=\u00a0\u00bb0&Prime;][et_pb_accordion_item title=\u00a0\u00bbComment r\u00e9server ?\u00a0\u00bb _builder_version=\u00a0\u00bb4.21.0&Prime; _module_preset=\u00a0\u00bbdefault\u00a0\u00bb global_colors_info=\u00a0\u00bb{}\u00a0\u00bb open=\u00a0\u00bboff\u00a0\u00bb]<\/p>\n<ol>\n<li>S\u00e9lectionnez la date et l&rsquo;heure de votre rendez-vous<\/li>\n<li>Un formulaire d&rsquo;admission sera envoy\u00e9 apr\u00e8s la r\u00e9servation.<\/li>\n<li>Notre infirmi\u00e8re examinera le dossier du patient et confirmera les vaccinations requises.<\/li>\n<li>L&rsquo;infirmi\u00e8re se rendra \u00e0 votre domicile pour administrer les vaccins et r\u00e9pondre \u00e0 toutes vos questions.<\/li>\n<\/ol>\n<p>**Veuillez pr\u00e9parer le carnet de vaccination de votre enfant. Si vous n&rsquo;en avez pas, nous pouvons vous fournir des carnets de vaccination individuels. [\/et_pb_accordion_item][et_pb_accordion_item title=\u00a0\u00bbQuel est le co\u00fbt ?\u00a0\u00bb open=\u00a0\u00bbon\u00a0\u00bb _builder_version=\u00a0\u00bb4.21.0&Prime; _module_preset=\u00a0\u00bbdefault\u00a0\u00bb hover_enabled=\u00a0\u00bb0&Prime; global_colors_info=\u00a0\u00bb{}\u00a0\u00bb sticky_enabled=\u00a0\u00bb0&Prime;]<\/p>\n<p>90 $ pour la visite de l&rsquo;infirmi\u00e8re (+ 75 $ hors de l\u2019\u00eele de Montr\u00e9al) *<span style=\"font-weight: 400;\">Une estimation avec les frais pour chaque<\/span> vaccination seront envoy\u00e9s par devis pour votre approbation. La plupart des assurances priv\u00e9es couvrent le co\u00fbt des vaccinations.<\/p>\n<p>[\/et_pb_accordion_item][et_pb_accordion_item title=\u00a0\u00bbPlus d&rsquo;informations : Programme d&rsquo;immunisation du Qu\u00e9bec\u00a0\u00bb _builder_version=\u00a0\u00bb4.21.0&Prime; global_colors_info=\u00a0\u00bb{}\u00a0\u00bb open=\u00a0\u00bboff\u00a0\u00bb]<\/p>\n<p class=\"p-top\">Le Programme d&rsquo;immunisation du Qu\u00e9bec vise \u00e0 am\u00e9liorer la sant\u00e9 de la population en programmant des vaccins. Ces vaccins prot\u00e8gent contre des maladies sp\u00e9cifiques.<\/p>\n<p class=\"p-top\">Plusieurs vaccins doivent \u00eatre administr\u00e9s pendant l&rsquo;enfance. Pour prot\u00e9ger au mieux votre enfant, n&rsquo;omettez aucun vaccin et faites-le administrer aux \u00e2ges recommand\u00e9s. Les enfants doivent recevoir leurs premiers vaccins \u00e0 l&rsquo;\u00e2ge de 2 mois afin d&rsquo;\u00eatre prot\u00e9g\u00e9s le plus t\u00f4t possible.<\/p>\n<p class=\"p-top\">Le calendrier complet est disponible ici : <a href=\"https:\/\/www.msss.gouv.qc.ca\/professionnels\/vaccination\/piq-calendriers-de-vaccination\/calendrier-regulier-de-vaccination\/\" target=\"_blank\" rel=\"noopener\">Protocole d&rsquo;immunisation du Qu\u00e9bec<\/a><\/p>\n<p>[\/et_pb_accordion_item][\/et_pb_accordion][\/et_pb_column][\/et_pb_row][\/et_pb_section]<\/p>\n<span class=\"et_bloom_bottom_trigger\"><\/span>","protected":false},"excerpt":{"rendered":"<p>Infirmi\u00e8re en p\u00e9diatrieFaites l&rsquo;exp\u00e9rience de la commodit\u00e9 des soins p\u00e9diatriques de premier ordre dans le confort de votre propre maison. Gr\u00e2ce \u00e0 notre \u00e9quipe d&rsquo;infirmi\u00e8res dipl\u00f4m\u00e9es tr\u00e8s exp\u00e9riment\u00e9es, nous apportons des soins de qualit\u00e9 \u00e0 votre porte. Examens \u00e0 domicile des nouveau-n\u00e9s: Nous proposons des examens complets des nouveau-n\u00e9s dans le confort de votre domicile, [&hellip;]<\/p>\n","protected":false},"author":3,"featured_media":0,"parent":0,"menu_order":0,"comment_status":"closed","ping_status":"closed","template":"","meta":{"_et_pb_use_builder":"on","_et_pb_old_content":"","_et_gb_content_width":"","_glsr_average":0,"_glsr_ranking":0,"_glsr_reviews":0,"footnotes":""},"class_list":["post-3297","page","type-page","status-publish","hentry"],"_links":{"self":[{"href":"https:\/\/centasmed.com\/fr\/wp-json\/wp\/v2\/pages\/3297","targetHints":{"allow":["GET"]}}],"collection":[{"href":"https:\/\/centasmed.com\/fr\/wp-json\/wp\/v2\/pages"}],"about":[{"href":"https:\/\/centasmed.com\/fr\/wp-json\/wp\/v2\/types\/page"}],"author":[{"embeddable":true,"href":"https:\/\/centasmed.com\/fr\/wp-json\/wp\/v2\/users\/3"}],"replies":[{"embeddable":true,"href":"https:\/\/centasmed.com\/fr\/wp-json\/wp\/v2\/comments?post=3297"}],"version-history":[{"count":5,"href":"https:\/\/centasmed.com\/fr\/wp-json\/wp\/v2\/pages\/3297\/revisions"}],"predecessor-version":[{"id":3435,"href":"https:\/\/centasmed.com\/fr\/wp-json\/wp\/v2\/pages\/3297\/revisions\/3435"}],"wp:attachment":[{"href":"https:\/\/centasmed.com\/fr\/wp-json\/wp\/v2\/media?parent=3297"}],"curies":[{"name":"wp","href":"https:\/\/api.w.org\/{rel}","templated":true}]}}