{"id":3219,"date":"2023-06-22T15:57:50","date_gmt":"2023-06-22T19:57:50","guid":{"rendered":"https:\/\/centasmed.com\/test-de-depistage-de-linfection-a-streptocoques-2\/"},"modified":"2024-10-01T15:08:52","modified_gmt":"2024-10-01T19:08:52","slug":"test-de-depistage-de-linfection-a-streptocoques-2","status":"publish","type":"page","link":"https:\/\/centasmed.com\/fr\/test-de-depistage-de-linfection-a-streptocoques-2\/","title":{"rendered":"Test de d\u00e9pistage de l&rsquo;infection \u00e0 streptocoques 2"},"content":{"rendered":"<p>[et_pb_section fb_built=\u00a0\u00bb1&Prime; admin_label=\u00a0\u00bbHero\u00a0\u00bb _builder_version=\u00a0\u00bb4.21.0&Prime; custom_padding=\u00a0\u00bb0|0px|0px|0px|false|false\u00a0\u00bb bottom_divider_height=\u00a0\u00bb0px\u00a0\u00bb border_width_bottom=\u00a0\u00bb1px\u00a0\u00bb border_color_bottom=\u00a0\u00bb#efefef\u00a0\u00bb global_colors_info=\u00a0\u00bb{}\u00a0\u00bb][et_pb_row column_structure=\u00a0\u00bb1_2,1_2&Prime; _builder_version=\u00a0\u00bb4.19.1&Prime; width=\u00a0\u00bb100%\u00a0\u00bb max_width=\u00a0\u00bb100%\u00a0\u00bb custom_margin=\u00a0\u00bb|||\u00a0\u00bb custom_margin_tablet=\u00a0\u00bb||0px|\u00a0\u00bb custom_margin_phone=\u00a0\u00bb\u00a0\u00bb custom_margin_last_edited=\u00a0\u00bbon|desktop\u00a0\u00bb custom_padding=\u00a0\u00bb40px|0px|0px|0px|false|false\u00a0\u00bb use_custom_width=\u00a0\u00bbon\u00a0\u00bb width_unit=\u00a0\u00bboff\u00a0\u00bb custom_width_percent=\u00a0\u00bb100%\u00a0\u00bb global_colors_info=\u00a0\u00bb{}\u00a0\u00bb][et_pb_column type=\u00a0\u00bb1_2&Prime; _builder_version=\u00a0\u00bb4.16&Prime; custom_padding=\u00a0\u00bb6%||6%|12%\u00a0\u00bb custom_padding_tablet=\u00a0\u00bb50px|50px|50px|50px\u00a0\u00bb custom_padding_phone=\u00a0\u00bb50px|50px|50px|50px\u00a0\u00bb custom_padding_last_edited=\u00a0\u00bbon|tablet\u00a0\u00bb global_colors_info=\u00a0\u00bb{}\u00a0\u00bb padding_tablet=\u00a0\u00bb50px|50px|50px|50px\u00a0\u00bb padding_last_edited=\u00a0\u00bbon|tablet\u00a0\u00bb custom_padding__hover=\u00a0\u00bb|||\u00a0\u00bb padding_phone=\u00a0\u00bb50px|50px|50px|50px\u00a0\u00bb][et_pb_text _builder_version=\u00a0\u00bb4.22.1&Prime; text_font=\u00a0\u00bbMontserrat|300|||||||\u00a0\u00bb text_text_color=\u00a0\u00bb#677a92&Prime; text_font_size=\u00a0\u00bb16px\u00a0\u00bb text_line_height=\u00a0\u00bb1.8em\u00a0\u00bb header_font=\u00a0\u00bbMontserrat||||||||\u00a0\u00bb header_font_size=\u00a0\u00bb50px\u00a0\u00bb header_line_height=\u00a0\u00bb1.3em\u00a0\u00bb header_2_font=\u00a0\u00bb||||||||\u00a0\u00bb max_width=\u00a0\u00bb600px\u00a0\u00bb custom_margin=\u00a0\u00bb-50px||-19px||false|false\u00a0\u00bb custom_margin_tablet=\u00a0\u00bb0px|50px||50px\u00a0\u00bb custom_margin_phone=\u00a0\u00bb|20px||\u00a0\u00bb custom_margin_last_edited=\u00a0\u00bboff|desktop\u00a0\u00bb custom_padding=\u00a0\u00bb||0px|||\u00a0\u00bb text_line_height_tablet=\u00a0\u00bb1.8em\u00a0\u00bb text_line_height_phone=\u00a0\u00bb1.8em\u00a0\u00bb text_line_height_last_edited=\u00a0\u00bbon|phone\u00a0\u00bb header_font_size_tablet=\u00a0\u00bb\u00a0\u00bb header_font_size_phone=\u00a0\u00bb36px\u00a0\u00bb header_font_size_last_edited=\u00a0\u00bbon|phone\u00a0\u00bb header_2_font_size_phone=\u00a0\u00bb30px\u00a0\u00bb header_2_font_size_last_edited=\u00a0\u00bboff|desktop\u00a0\u00bb locked=\u00a0\u00bboff\u00a0\u00bb global_colors_info=\u00a0\u00bb{}\u00a0\u00bb]<\/p>\n<h1>D\u00e9pistage de streptocoque<\/h1>\n<p>&nbsp;<\/p>\n<p>[\/et_pb_text][et_pb_text _builder_version=\u00a0\u00bb4.21.0&Prime; text_font=\u00a0\u00bbMontserrat|300|||||||\u00a0\u00bb text_font_size=\u00a0\u00bb16px\u00a0\u00bb text_line_height=\u00a0\u00bb2em\u00a0\u00bb link_font=\u00a0\u00bb||||||||\u00a0\u00bb ul_font=\u00a0\u00bb||||||||\u00a0\u00bb ul_line_height=\u00a0\u00bb2.6em\u00a0\u00bb ol_font=\u00a0\u00bb||||||||\u00a0\u00bb quote_font=\u00a0\u00bb||||||||\u00a0\u00bb header_font=\u00a0\u00bb||||||||\u00a0\u00bb header_line_height=\u00a0\u00bb1.1em\u00a0\u00bb header_2_font=\u00a0\u00bbMontserrat|300|||||||\u00a0\u00bb header_2_text_color=\u00a0\u00bb#212d3b\u00a0\u00bb header_2_font_size=\u00a0\u00bb40px\u00a0\u00bb header_2_line_height=\u00a0\u00bb1.5em\u00a0\u00bb header_4_line_height=\u00a0\u00bb1.4em\u00a0\u00bb width=\u00a0\u00bb100%\u00a0\u00bb max_width=\u00a0\u00bb600px\u00a0\u00bb module_alignment=\u00a0\u00bbleft\u00a0\u00bb min_height=\u00a0\u00bb129px\u00a0\u00bb custom_margin=\u00a0\u00bb||-5px|||\u00a0\u00bb custom_margin_tablet=\u00a0\u00bb0px|50px||50px\u00a0\u00bb custom_margin_last_edited=\u00a0\u00bboff|desktop\u00a0\u00bb custom_padding=\u00a0\u00bb||3px||false|false\u00a0\u00bb locked=\u00a0\u00bboff\u00a0\u00bb global_colors_info=\u00a0\u00bb{}\u00a0\u00bb]<\/p>\n<h4>Obtenez des r\u00e9sultats niveau laboratoire en dedans 2 heures. Rendez-vous disponibles dans nos 8 cliniques de la r\u00e9gion de Montr\u00e9al et les environs ou chez vous avec notre service mobile.<\/h4>\n<p>&nbsp;<\/p>\n<p>[\/et_pb_text][et_pb_button button_url=\u00a0\u00bbhttps:\/\/centasmed.janeapp.com\u00a0\u00bb button_text=\u00a0\u00bbPrendre un rendez-vous  \u00a0\u00bb button_alignment=\u00a0\u00bbleft\u00a0\u00bb disabled_on=\u00a0\u00bboff|off|off\u00a0\u00bb admin_label=\u00a0\u00bbFLU Book Now\u00a0\u00bb _builder_version=\u00a0\u00bb4.22.1&Prime; custom_button=\u00a0\u00bbon\u00a0\u00bb button_text_size=\u00a0\u00bb14px\u00a0\u00bb button_text_color=\u00a0\u00bb#000000&Prime; button_bg_color=\u00a0\u00bb#48d14c\u00a0\u00bb button_border_width=\u00a0\u00bb16px\u00a0\u00bb button_border_color=\u00a0\u00bb#48d14c\u00a0\u00bb button_border_radius=\u00a0\u00bb10px\u00a0\u00bb button_letter_spacing=\u00a0\u00bb1px\u00a0\u00bb button_font=\u00a0\u00bbMontserrat|500|||||||\u00a0\u00bb button_use_icon=\u00a0\u00bboff\u00a0\u00bb background_layout=\u00a0\u00bbdark\u00a0\u00bb custom_margin=\u00a0\u00bb|||\u00a0\u00bb custom_padding=\u00a0\u00bb|||\u00a0\u00bb locked=\u00a0\u00bboff\u00a0\u00bb global_colors_info=\u00a0\u00bb{}\u00a0\u00bb button_text_size__hover_enabled=\u00a0\u00bboff\u00a0\u00bb button_one_text_size__hover_enabled=\u00a0\u00bboff\u00a0\u00bb button_two_text_size__hover_enabled=\u00a0\u00bboff\u00a0\u00bb button_text_color__hover_enabled=\u00a0\u00bboff\u00a0\u00bb button_one_text_color__hover_enabled=\u00a0\u00bboff\u00a0\u00bb button_two_text_color__hover_enabled=\u00a0\u00bboff\u00a0\u00bb button_border_width__hover_enabled=\u00a0\u00bboff\u00a0\u00bb button_one_border_width__hover_enabled=\u00a0\u00bboff\u00a0\u00bb button_two_border_width__hover_enabled=\u00a0\u00bboff\u00a0\u00bb button_border_color__hover_enabled=\u00a0\u00bboff\u00a0\u00bb button_one_border_color__hover_enabled=\u00a0\u00bboff\u00a0\u00bb button_two_border_color__hover_enabled=\u00a0\u00bboff\u00a0\u00bb button_border_radius__hover_enabled=\u00a0\u00bboff\u00a0\u00bb button_one_border_radius__hover_enabled=\u00a0\u00bboff\u00a0\u00bb button_two_border_radius__hover_enabled=\u00a0\u00bboff\u00a0\u00bb button_letter_spacing__hover_enabled=\u00a0\u00bboff\u00a0\u00bb button_one_letter_spacing__hover_enabled=\u00a0\u00bboff\u00a0\u00bb button_two_letter_spacing__hover_enabled=\u00a0\u00bboff\u00a0\u00bb button_bg_color__hover_enabled=\u00a0\u00bboff\u00a0\u00bb button_one_bg_color__hover_enabled=\u00a0\u00bboff\u00a0\u00bb button_two_bg_color__hover_enabled=\u00a0\u00bboff\u00a0\u00bb][\/et_pb_button][et_pb_text _builder_version=\u00a0\u00bb4.22.2&Prime; text_font=\u00a0\u00bbMontserrat|300|||||||\u00a0\u00bb text_font_size=\u00a0\u00bb16px\u00a0\u00bb text_line_height=\u00a0\u00bb2em\u00a0\u00bb link_font=\u00a0\u00bb||||||||\u00a0\u00bb ul_font=\u00a0\u00bb||||||||\u00a0\u00bb ol_font=\u00a0\u00bb||||||||\u00a0\u00bb quote_font=\u00a0\u00bb||||||||\u00a0\u00bb header_font=\u00a0\u00bb||||||||\u00a0\u00bb header_2_font=\u00a0\u00bbMontserrat|300|||||||\u00a0\u00bb header_2_text_color=\u00a0\u00bb#212d3b\u00a0\u00bb header_2_font_size=\u00a0\u00bb40px\u00a0\u00bb header_2_line_height=\u00a0\u00bb1.5em\u00a0\u00bb max_width=\u00a0\u00bb600px\u00a0\u00bb min_height=\u00a0\u00bb91px\u00a0\u00bb custom_margin=\u00a0\u00bb||-5px|||\u00a0\u00bb custom_margin_tablet=\u00a0\u00bb0px|50px||50px\u00a0\u00bb custom_margin_last_edited=\u00a0\u00bboff|desktop\u00a0\u00bb custom_padding=\u00a0\u00bb||0px|||\u00a0\u00bb locked=\u00a0\u00bboff\u00a0\u00bb global_colors_info=\u00a0\u00bb{}\u00a0\u00bb]<\/p>\n<p><span style=\"color: #0a0808;\"><strong><span style=\"text-decoration: underline;\">Avantages Centas Med<\/span><\/strong><\/span><\/p>\n<p><span style=\"color: #0a0808;\"><strong>Rendez-vous disponibles :<\/strong> Obtenez un rendez-vous imm\u00e9diat pour votre test de d\u00e9pistage du streptocoque.<\/span><br \/><span style=\"color: #0a0808;\"><strong>Des r\u00e9sultats de laboratoire rapides et pr\u00e9cis :<\/strong> <span style=\"font-weight: 400;\">Notre <\/span><span style=\"font-weight: 400;\">test streptococcique <\/span><span style=\"font-weight: 400;\">est plus rapide que les autres m\u00e9thodes mol\u00e9culaires et plus pr\u00e9cis que les tests rapides classiques.<\/span><\/span><br \/><span style=\"color: #0a0808;\"><strong>Emplacements pratiques :<\/strong> 7 emplacements dans la grande r\u00e9gion de Montr\u00e9al. Il y a une clinique Centas pr\u00e8s de chez vous !<\/span><br \/><span style=\"color: #0a0808;\"><strong>Couverture d&rsquo;assurance :<\/strong> Le co\u00fbt du test (75 $) est couvert par la plupart des r\u00e9gimes d&rsquo;assurance priv\u00e9s.<\/span><br \/><span style=\"text-decoration: underline;\"><strong><span style=\"color: #0a0808; text-decoration: underline;\">Aucune requ\u00eate de m\u00e9decin n&rsquo;est requise.<\/span><\/strong><\/span><br \/><span style=\"color: #0a0808;\"><strong>R\u00e9sultats positifs :<\/strong> Si le r\u00e9sultat du test est positif, nous pouvons l&rsquo;envoyer \u00e0 une pharmacie pour l&rsquo;analyse par un pharmacien (frais suppl\u00e9mentaires) Le patient doit \u00eatre \u00e2g\u00e9 d&rsquo;au moins 3 ans.<\/span><\/p>\n<p><span style=\"text-decoration: underline; color: #0a0808;\"><strong><\/strong><\/span><\/p>\n<p><span style=\"text-decoration: underline; color: #0a0808;\"><strong>\u00c0 qui s&rsquo;adresse ce test ?<\/strong><\/span><\/p>\n<ul>\n<li><span style=\"color: #0a0808;\">Les personnes \u00e2g\u00e9es de plus de trois ans qui souffrent d&rsquo;un mal de gorge et qui recherchent un diagnostic et un m\u00e9dicament fiables.<\/span><\/li>\n<li><span style=\"color: #0a0808;\">Toute personne \u00e0 la recherche d&rsquo;un test de d\u00e9pistage de l&rsquo;angine streptococcique pratique, rapide et pr\u00e9cis.<\/span><\/li>\n<li><span style=\"color: #0a0808;\">Les patients qui souhaitent des r\u00e9sultats rapides et une exp\u00e9rience simplifi\u00e9e par rapport aux h\u00f4pitaux.<\/span><\/li>\n<\/ul>\n<p>[\/et_pb_text][\/et_pb_column][et_pb_column type=\u00a0\u00bb1_2&Prime; _builder_version=\u00a0\u00bb4.16&Prime; custom_padding=\u00a0\u00bb|||\u00a0\u00bb global_colors_info=\u00a0\u00bb{}\u00a0\u00bb custom_padding__hover=\u00a0\u00bb|||\u00a0\u00bb][et_pb_image src=\u00a0\u00bbhttps:\/\/centasmed.com\/wp-content\/uploads\/2023\/06\/Strep2.jpg\u00a0\u00bb title_text=\u00a0\u00bbStrep2&Prime; align=\u00a0\u00bbcenter\u00a0\u00bb _builder_version=\u00a0\u00bb4.21.0&Prime; _module_preset=\u00a0\u00bbdefault\u00a0\u00bb min_height=\u00a0\u00bb100px\u00a0\u00bb max_height=\u00a0\u00bb475px\u00a0\u00bb custom_padding=\u00a0\u00bb|12px||0px|false|false\u00a0\u00bb custom_padding_tablet=\u00a0\u00bb|10px||10px|false|false\u00a0\u00bb custom_padding_phone=\u00a0\u00bb|10px||10px|false|false\u00a0\u00bb custom_padding_last_edited=\u00a0\u00bbon|desktop\u00a0\u00bb border_radii=\u00a0\u00bbon|25px|25px|25px|25px\u00a0\u00bb global_colors_info=\u00a0\u00bb{}\u00a0\u00bb][\/et_pb_image][et_pb_blurb image_icon_background_color=\u00a0\u00bb#0C71C3&Prime; image_icon_width=\u00a0\u00bb116%\u00a0\u00bb content_max_width=\u00a0\u00bb436px\u00a0\u00bb disabled_on=\u00a0\u00bbon|on|off\u00a0\u00bb _builder_version=\u00a0\u00bb4.21.0&Prime; _module_preset=\u00a0\u00bbdefault\u00a0\u00bb header_text_color=\u00a0\u00bb#FFFFFF\u00a0\u00bb body_font=\u00a0\u00bb|600|||||||\u00a0\u00bb body_text_color=\u00a0\u00bb#0C71C3&Prime; body_font_size=\u00a0\u00bb17px\u00a0\u00bb body_letter_spacing=\u00a0\u00bb1px\u00a0\u00bb background_color=\u00a0\u00bb#0C71C3&Prime; image_icon_custom_margin=\u00a0\u00bb-1px||||false|false\u00a0\u00bb image_icon_custom_padding=\u00a0\u00bb0px||||false|false\u00a0\u00bb background_layout=\u00a0\u00bbdark\u00a0\u00bb width=\u00a0\u00bb68%\u00a0\u00bb max_width=\u00a0\u00bb100%\u00a0\u00bb module_alignment=\u00a0\u00bbcenter\u00a0\u00bb min_height=\u00a0\u00bb100px\u00a0\u00bb height=\u00a0\u00bb140px\u00a0\u00bb max_height=\u00a0\u00bb1000px\u00a0\u00bb custom_padding=\u00a0\u00bb21px|40px||40px|false|false\u00a0\u00bb border_radii=\u00a0\u00bbon|40px|40px|40px|40px\u00a0\u00bb border_color_all=\u00a0\u00bb#0C71C3&Prime; global_colors_info=\u00a0\u00bb{}\u00a0\u00bb]<\/p>\n<h5>Service professionnel et rapide. J&rsquo;ai re\u00e7u mes r\u00e9sultats presque imm\u00e9diatement et j&rsquo;ai eu mon ordonnance en main 20 minutes plus tard. Merci \u00e0 l&rsquo;excellente \u00e9quipe !<\/h5>\n<h5>&#8211; Lauren, Montr\u00e9al<\/h5>\n<p>[\/et_pb_blurb][\/et_pb_column][\/et_pb_row][\/et_pb_section][et_pb_section fb_built=\u00a0\u00bb1&Prime; _builder_version=\u00a0\u00bb4.19.1&Prime; custom_padding=\u00a0\u00bb0px|0px|0px|0px|false|false\u00a0\u00bb locked=\u00a0\u00bboff\u00a0\u00bb global_colors_info=\u00a0\u00bb{}\u00a0\u00bb][et_pb_row column_structure=\u00a0\u00bb1_2,1_2&Prime; _builder_version=\u00a0\u00bb4.16&Prime; custom_margin=\u00a0\u00bb|||\u00a0\u00bb custom_margin_tablet=\u00a0\u00bb||0px|\u00a0\u00bb custom_margin_phone=\u00a0\u00bb\u00a0\u00bb custom_margin_last_edited=\u00a0\u00bbon|desktop\u00a0\u00bb custom_padding=\u00a0\u00bb|||\u00a0\u00bb global_colors_info=\u00a0\u00bb{}\u00a0\u00bb][et_pb_column type=\u00a0\u00bb1_2&Prime; _builder_version=\u00a0\u00bb4.16&Prime; custom_padding=\u00a0\u00bb|||\u00a0\u00bb custom_padding_tablet=\u00a0\u00bb0px|50px|50px|50px\u00a0\u00bb custom_padding_last_edited=\u00a0\u00bboff|desktop\u00a0\u00bb global_colors_info=\u00a0\u00bb{}\u00a0\u00bb padding_tablet=\u00a0\u00bb0px|50px|50px|50px\u00a0\u00bb padding_last_edited=\u00a0\u00bboff|desktop\u00a0\u00bb custom_padding__hover=\u00a0\u00bb|||\u00a0\u00bb][et_pb_text _builder_version=\u00a0\u00bb4.21.0&Prime; text_font=\u00a0\u00bbMontserrat|300|||||||\u00a0\u00bb text_font_size=\u00a0\u00bb16px\u00a0\u00bb text_line_height=\u00a0\u00bb1.8em\u00a0\u00bb header_font=\u00a0\u00bb||||||||\u00a0\u00bb header_2_font=\u00a0\u00bbMontserrat|300|||||||\u00a0\u00bb header_2_font_size=\u00a0\u00bb40px\u00a0\u00bb header_2_line_height=\u00a0\u00bb1.5em\u00a0\u00bb max_width=\u00a0\u00bb600px\u00a0\u00bb custom_margin=\u00a0\u00bb||-15px|||\u00a0\u00bb custom_margin_tablet=\u00a0\u00bb0px|50px||50px\u00a0\u00bb custom_margin_last_edited=\u00a0\u00bboff|desktop\u00a0\u00bb custom_padding=\u00a0\u00bb|||\u00a0\u00bb header_2_font_size_tablet=\u00a0\u00bb\u00a0\u00bb header_2_font_size_phone=\u00a0\u00bb30px\u00a0\u00bb header_2_font_size_last_edited=\u00a0\u00bbon|phone\u00a0\u00bb global_colors_info=\u00a0\u00bb{}\u00a0\u00bb]<\/p>\n<h2>Plus d&rsquo;informations sur le Strep A 2<\/h2>\n<p>[\/et_pb_text][\/et_pb_column][et_pb_column type=\u00a0\u00bb1_2&Prime; _builder_version=\u00a0\u00bb4.16&Prime; custom_padding=\u00a0\u00bb|||\u00a0\u00bb global_colors_info=\u00a0\u00bb{}\u00a0\u00bb custom_padding__hover=\u00a0\u00bb|||\u00a0\u00bb][\/et_pb_column][\/et_pb_row][et_pb_row _builder_version=\u00a0\u00bb4.19.0&Prime; min_height=\u00a0\u00bb728.5px\u00a0\u00bb custom_margin=\u00a0\u00bb-27px|auto||auto||\u00a0\u00bb custom_padding=\u00a0\u00bb||0px|||\u00a0\u00bb global_colors_info=\u00a0\u00bb{}\u00a0\u00bb][et_pb_column type=\u00a0\u00bb4_4&Prime; _builder_version=\u00a0\u00bb4.16&Prime; custom_padding=\u00a0\u00bb|||\u00a0\u00bb global_colors_info=\u00a0\u00bb{}\u00a0\u00bb custom_padding__hover=\u00a0\u00bb|||\u00a0\u00bb][et_pb_accordion open_toggle_background_color=\u00a0\u00bbrgba(0,0,0,0.03)\u00a0\u00bb closed_toggle_background_color=\u00a0\u00bbrgba(0,0,0,0.03)\u00a0\u00bb icon_color=\u00a0\u00bb#2f8cff\u00a0\u00bb _builder_version=\u00a0\u00bb4.23.1&Prime; toggle_font=\u00a0\u00bbMontserrat|300|||||||\u00a0\u00bb toggle_font_size=\u00a0\u00bb20px\u00a0\u00bb toggle_line_height=\u00a0\u00bb1.6em\u00a0\u00bb body_font=\u00a0\u00bbMontserrat|300|||||||\u00a0\u00bb body_font_size=\u00a0\u00bb16px\u00a0\u00bb body_line_height=\u00a0\u00bb2em\u00a0\u00bb custom_margin=\u00a0\u00bb-41px|||||\u00a0\u00bb animation_style=\u00a0\u00bbzoom\u00a0\u00bb animation_direction=\u00a0\u00bbtop\u00a0\u00bb animation_intensity_zoom=\u00a0\u00bb10%\u00a0\u00bb border_radii=\u00a0\u00bbon|10px|10px|10px|10px\u00a0\u00bb border_width_all=\u00a0\u00bb0px\u00a0\u00bb global_colors_info=\u00a0\u00bb{}\u00a0\u00bb][et_pb_accordion_item title=\u00a0\u00bbQuand dois-je faire le test de d\u00e9pistage du streptocoque ?  \u00a0\u00bb open=\u00a0\u00bbon\u00a0\u00bb _builder_version=\u00a0\u00bb4.16&Prime; global_colors_info=\u00a0\u00bb{}\u00a0\u00bb]<\/p>\n<p class=\"p-top\">Vous vous demandez si votre mal de gorge peut \u00eatre une angine \u00e0 streptocoques ? Plus vite vous saurez de quel type de maladie vous souffrez, plus vite vous pourrez \u00eatre trait\u00e9 et vous mettre sur la voie de la gu\u00e9rison.<\/p>\n<p class=\"p-bottom\">Un mal de gorge peut \u00eatre caus\u00e9 par des virus, des bact\u00e9ries, des allergies ou d&rsquo;autres expositions. Vous pouvez envisager un test d&rsquo;angine streptococcique si vous avez mal \u00e0 la gorge, des maux de t\u00eate, des douleurs corporelles (y compris au cou et au dos), des naus\u00e9es, des maux d&rsquo;estomac, un \u00e9coulement nasal, une congestion ou une toux. Une \u00e9ruption rose ressemblant \u00e0 du papier de verre peut \u00e9galement appara\u00eetre sur le visage, en particulier chez les enfants.<\/p>\n<p>[\/et_pb_accordion_item][et_pb_accordion_item title=\u00a0\u00bbQuel est le co\u00fbt ?\u00a0\u00bb _builder_version=\u00a0\u00bb4.19.3&Prime; _module_preset=\u00a0\u00bbdefault\u00a0\u00bb global_colors_info=\u00a0\u00bb{}\u00a0\u00bb open=\u00a0\u00bboff\u00a0\u00bb]<\/p>\n<p>$75<\/p>\n<p>*Des frais d&rsquo;annulation tardive de 50 $ seront factur\u00e9s si le rendez-vous est annul\u00e9 moins de 24 heures avant la date pr\u00e9vue.<\/p>\n<p>[\/et_pb_accordion_item][et_pb_accordion_item title=\u00a0\u00bbSi c&rsquo;est positif, puis-je obtenir des m\u00e9dicaments ?\u00a0\u00bb _builder_version=\u00a0\u00bb4.23.1&Prime; _module_preset=\u00a0\u00bbdefault\u00a0\u00bb global_colors_info=\u00a0\u00bb{}\u00a0\u00bb open=\u00a0\u00bboff\u00a0\u00bb]<\/p>\n<p>Si le r\u00e9sultat du test est positif, nous pouvons l&rsquo;envoyer \u00e0 une pharmacie pour l&rsquo;analyse par un pharmacien. Le patient doit \u00eatre \u00e2g\u00e9 d&rsquo;au moins 3 ans.<\/p>\n<p>**Des frais de 35 $ seront factur\u00e9s.<\/p>\n<p>[\/et_pb_accordion_item][et_pb_accordion_item title=\u00a0\u00bbComment le test de d\u00e9pistage des streptocoques est-il administr\u00e9 ?\u00a0\u00bb _builder_version=\u00a0\u00bb4.16&Prime; global_colors_info=\u00a0\u00bb{}\u00a0\u00bb open=\u00a0\u00bboff\u00a0\u00bb]<\/p>\n<p><span>Ecouvillon de gorge  <\/span><\/p>\n<p>[\/et_pb_accordion_item][et_pb_accordion_item title=\u00a0\u00bbPr\u00e9cision de notre test de d\u00e9pistage des streptocoques\u00a0\u00bb _builder_version=\u00a0\u00bb4.19.0&Prime; _module_preset=\u00a0\u00bbdefault\u00a0\u00bb global_colors_info=\u00a0\u00bb{}\u00a0\u00bb open=\u00a0\u00bboff\u00a0\u00bb]<\/p>\n<p><span>Notre test Strep est plus rapide que les autres m\u00e9thodes mol\u00e9culaires et plus pr\u00e9cis que les tests rapides classiques.<\/span><\/p>\n<p>[\/et_pb_accordion_item][\/et_pb_accordion][\/et_pb_column][\/et_pb_row][et_pb_row _builder_version=\u00a0\u00bb4.19.0&Prime; _module_preset=\u00a0\u00bbdefault\u00a0\u00bb custom_padding=\u00a0\u00bb0px||16px|||\u00a0\u00bb global_colors_info=\u00a0\u00bb{}\u00a0\u00bb][et_pb_column type=\u00a0\u00bb4_4&Prime; _builder_version=\u00a0\u00bb4.19.0&Prime; _module_preset=\u00a0\u00bbdefault\u00a0\u00bb global_colors_info=\u00a0\u00bb{}\u00a0\u00bb][et_pb_button button_url=\u00a0\u00bbhttps:\/\/centasmed.janeapp.com\u00a0\u00bb button_text=\u00a0\u00bbPrendre un rendez-vous  \u00a0\u00bb button_alignment=\u00a0\u00bbleft\u00a0\u00bb disabled_on=\u00a0\u00bboff|off|off\u00a0\u00bb admin_label=\u00a0\u00bbFLU Book Now\u00a0\u00bb _builder_version=\u00a0\u00bb4.22.1&Prime; custom_button=\u00a0\u00bbon\u00a0\u00bb button_text_size=\u00a0\u00bb14px\u00a0\u00bb button_text_color=\u00a0\u00bb#000000&Prime; button_bg_color=\u00a0\u00bb#48d14c\u00a0\u00bb button_border_width=\u00a0\u00bb16px\u00a0\u00bb button_border_color=\u00a0\u00bb#48d14c\u00a0\u00bb button_border_radius=\u00a0\u00bb10px\u00a0\u00bb button_letter_spacing=\u00a0\u00bb1px\u00a0\u00bb button_font=\u00a0\u00bbMontserrat|500|||||||\u00a0\u00bb button_use_icon=\u00a0\u00bboff\u00a0\u00bb background_layout=\u00a0\u00bbdark\u00a0\u00bb custom_margin=\u00a0\u00bb12px||||false|false\u00a0\u00bb custom_padding=\u00a0\u00bb|||\u00a0\u00bb locked=\u00a0\u00bboff\u00a0\u00bb global_colors_info=\u00a0\u00bb{}\u00a0\u00bb button_text_size__hover_enabled=\u00a0\u00bboff\u00a0\u00bb button_one_text_size__hover_enabled=\u00a0\u00bboff\u00a0\u00bb button_two_text_size__hover_enabled=\u00a0\u00bboff\u00a0\u00bb button_text_color__hover_enabled=\u00a0\u00bboff\u00a0\u00bb button_one_text_color__hover_enabled=\u00a0\u00bboff\u00a0\u00bb button_two_text_color__hover_enabled=\u00a0\u00bboff\u00a0\u00bb button_border_width__hover_enabled=\u00a0\u00bboff\u00a0\u00bb button_one_border_width__hover_enabled=\u00a0\u00bboff\u00a0\u00bb button_two_border_width__hover_enabled=\u00a0\u00bboff\u00a0\u00bb button_border_color__hover_enabled=\u00a0\u00bboff\u00a0\u00bb button_one_border_color__hover_enabled=\u00a0\u00bboff\u00a0\u00bb button_two_border_color__hover_enabled=\u00a0\u00bboff\u00a0\u00bb button_border_radius__hover_enabled=\u00a0\u00bboff\u00a0\u00bb button_one_border_radius__hover_enabled=\u00a0\u00bboff\u00a0\u00bb button_two_border_radius__hover_enabled=\u00a0\u00bboff\u00a0\u00bb button_letter_spacing__hover_enabled=\u00a0\u00bboff\u00a0\u00bb button_one_letter_spacing__hover_enabled=\u00a0\u00bboff\u00a0\u00bb button_two_letter_spacing__hover_enabled=\u00a0\u00bboff\u00a0\u00bb button_bg_color__hover_enabled=\u00a0\u00bboff\u00a0\u00bb button_one_bg_color__hover_enabled=\u00a0\u00bboff\u00a0\u00bb button_two_bg_color__hover_enabled=\u00a0\u00bboff\u00a0\u00bb][\/et_pb_button][\/et_pb_column][\/et_pb_row][\/et_pb_section]<\/p>\n<span class=\"et_bloom_bottom_trigger\"><\/span>","protected":false},"excerpt":{"rendered":"<p>D\u00e9pistage de streptocoque &nbsp;Obtenez des r\u00e9sultats niveau laboratoire en dedans 2 heures. Rendez-vous disponibles dans nos 8 cliniques de la r\u00e9gion de Montr\u00e9al et les environs ou chez vous avec notre service mobile. &nbsp;Avantages Centas Med Rendez-vous disponibles : Obtenez un rendez-vous imm\u00e9diat pour votre test de d\u00e9pistage du streptocoque.Des r\u00e9sultats de laboratoire rapides et [&hellip;]<\/p>\n","protected":false},"author":3,"featured_media":0,"parent":0,"menu_order":0,"comment_status":"closed","ping_status":"closed","template":"","meta":{"_et_pb_use_builder":"on","_et_pb_old_content":"","_et_gb_content_width":"","_glsr_average":0,"_glsr_ranking":0,"_glsr_reviews":0,"footnotes":""},"class_list":["post-3219","page","type-page","status-publish","hentry"],"_links":{"self":[{"href":"https:\/\/centasmed.com\/fr\/wp-json\/wp\/v2\/pages\/3219","targetHints":{"allow":["GET"]}}],"collection":[{"href":"https:\/\/centasmed.com\/fr\/wp-json\/wp\/v2\/pages"}],"about":[{"href":"https:\/\/centasmed.com\/fr\/wp-json\/wp\/v2\/types\/page"}],"author":[{"embeddable":true,"href":"https:\/\/centasmed.com\/fr\/wp-json\/wp\/v2\/users\/3"}],"replies":[{"embeddable":true,"href":"https:\/\/centasmed.com\/fr\/wp-json\/wp\/v2\/comments?post=3219"}],"version-history":[{"count":5,"href":"https:\/\/centasmed.com\/fr\/wp-json\/wp\/v2\/pages\/3219\/revisions"}],"predecessor-version":[{"id":8165,"href":"https:\/\/centasmed.com\/fr\/wp-json\/wp\/v2\/pages\/3219\/revisions\/8165"}],"wp:attachment":[{"href":"https:\/\/centasmed.com\/fr\/wp-json\/wp\/v2\/media?parent=3219"}],"curies":[{"name":"wp","href":"https:\/\/api.w.org\/{rel}","templated":true}]}}