{"id":2370,"date":"2023-03-15T15:23:26","date_gmt":"2023-03-15T19:23:26","guid":{"rendered":"https:\/\/centasmed.com\/info-sur-le-depistage-multidrogue\/"},"modified":"2025-04-11T16:38:54","modified_gmt":"2025-04-11T20:38:54","slug":"info-depistage-multidrogue","status":"publish","type":"page","link":"https:\/\/centasmed.com\/fr\/info-depistage-multidrogue\/","title":{"rendered":"Info sur le d\u00e9pistage multidrogue"},"content":{"rendered":"<p>[et_pb_section fb_built=\u00a0\u00bb1&Prime; _builder_version=\u00a0\u00bb4.19.3&Prime; _module_preset=\u00a0\u00bbdefault\u00a0\u00bb global_colors_info=\u00a0\u00bb{}\u00a0\u00bb][et_pb_row column_structure=\u00a0\u00bb1_3,1_3,1_3&Prime; _builder_version=\u00a0\u00bb4.19.3&Prime; _module_preset=\u00a0\u00bbdefault\u00a0\u00bb custom_padding=\u00a0\u00bb||0px|||\u00a0\u00bb global_colors_info=\u00a0\u00bb{}\u00a0\u00bb][et_pb_column type=\u00a0\u00bb1_3&Prime; _builder_version=\u00a0\u00bb4.19.3&Prime; _module_preset=\u00a0\u00bbdefault\u00a0\u00bb global_colors_info=\u00a0\u00bb{}\u00a0\u00bb][\/et_pb_column][et_pb_column type=\u00a0\u00bb1_3&Prime; _builder_version=\u00a0\u00bb4.19.3&Prime; _module_preset=\u00a0\u00bbdefault\u00a0\u00bb global_colors_info=\u00a0\u00bb{}\u00a0\u00bb][et_pb_blurb title=\u00a0\u00bbInformations sur le d\u00e9pistage multidrogue  \u00a0\u00bb _builder_version=\u00a0\u00bb4.19.5&Prime; _module_preset=\u00a0\u00bbdefault\u00a0\u00bb header_text_align=\u00a0\u00bbcenter\u00a0\u00bb width=\u00a0\u00bb100%\u00a0\u00bb min_height=\u00a0\u00bb64px\u00a0\u00bb global_colors_info=\u00a0\u00bb{}\u00a0\u00bb][\/et_pb_blurb][\/et_pb_column][et_pb_column type=\u00a0\u00bb1_3&Prime; _builder_version=\u00a0\u00bb4.19.3&Prime; _module_preset=\u00a0\u00bbdefault\u00a0\u00bb global_colors_info=\u00a0\u00bb{}\u00a0\u00bb][\/et_pb_column][\/et_pb_row][et_pb_row _builder_version=\u00a0\u00bb4.19.3&Prime; _module_preset=\u00a0\u00bbdefault\u00a0\u00bb custom_padding=\u00a0\u00bb0px|||||\u00a0\u00bb global_colors_info=\u00a0\u00bb{}\u00a0\u00bb][et_pb_column type=\u00a0\u00bb4_4&Prime; _builder_version=\u00a0\u00bb4.19.3&Prime; _module_preset=\u00a0\u00bbdefault\u00a0\u00bb global_colors_info=\u00a0\u00bb{}\u00a0\u00bb][et_pb_text _builder_version=\u00a0\u00bb4.21.0&Prime; _module_preset=\u00a0\u00bbdefault\u00a0\u00bb custom_padding=\u00a0\u00bb0px|||||\u00a0\u00bb global_colors_info=\u00a0\u00bb{}\u00a0\u00bb]<\/p>\n<h5 style=\"text-align: left;\">Le d\u00e9pistage urinaire multidrogue de Centas Med est un test qualitatif pour la d\u00e9tection simultan\u00e9e de plusieurs drogues et m\u00e9tabolites.<\/h5>\n<h5 style=\"text-align: left;\">dans l&rsquo;urine humaine \u00e0 un niveau limite sp\u00e9cifi\u00e9.<\/h5>\n<p style=\"text-align: left;\">Les param\u00e8tres suivants sont examin\u00e9s pour v\u00e9rifier l&rsquo;absence de falsification :<br \/>&#8211; Oxydants<br \/>&#8211; Chlorochromate de pyridinium<br \/>&#8211; Gravit\u00e9 sp\u00e9cifique<br \/>&#8211; pH<br \/>&#8211; Nitrite<br \/>&#8211; Glutarald\u00e9hyde<br \/>&#8211; Cr\u00e9atinine<br \/>&#8211; Eau de Javel<\/p>\n<p>Substances incluses dans le d\u00e9pistage des drogues<\/p>\n<ul>\n<li>Amphetamine (AMP)<\/li>\n<li>Secobarbital (BAR)<\/li>\n<li>Burprenorphine (BUP)<\/li>\n<li>Benzodiazepine (BZD)<\/li>\n<li>Cocaine (COC)<\/li>\n<li>Methylenedioxymethamphetamine (MDMA)<\/li>\n<li>Methadone (MTD)<\/li>\n<li>Methamphetamine (MET)<\/li>\n<li>Opium (OPI)<\/li>\n<li>Oxycodone (OXY)<\/li>\n<li>Marijuana (THC)<\/li>\n<li>Phencyclidine (PCP)<\/li>\n<\/ul>\n<p>&nbsp;<\/p>\n<p>[\/et_pb_text][\/et_pb_column][\/et_pb_row][\/et_pb_section]<\/p>\n<span class=\"et_bloom_bottom_trigger\"><\/span>","protected":false},"excerpt":{"rendered":"<p>Le d\u00e9pistage urinaire multidrogue de Centas Med est un test qualitatif pour la d\u00e9tection simultan\u00e9e de plusieurs drogues et m\u00e9tabolites. dans l&rsquo;urine humaine \u00e0 un niveau limite sp\u00e9cifi\u00e9. Les param\u00e8tres suivants sont examin\u00e9s pour v\u00e9rifier l&rsquo;absence de falsification :- Oxydants- Chlorochromate de pyridinium- Gravit\u00e9 sp\u00e9cifique- pH- Nitrite- Glutarald\u00e9hyde- Cr\u00e9atinine- Eau de Javel Substances incluses dans [&hellip;]<\/p>\n","protected":false},"author":3,"featured_media":0,"parent":0,"menu_order":0,"comment_status":"closed","ping_status":"closed","template":"","meta":{"_et_pb_use_builder":"on","_et_pb_old_content":"","_et_gb_content_width":"","_glsr_average":0,"_glsr_ranking":0,"_glsr_reviews":0,"footnotes":""},"class_list":["post-2370","page","type-page","status-publish","hentry"],"_links":{"self":[{"href":"https:\/\/centasmed.com\/fr\/wp-json\/wp\/v2\/pages\/2370","targetHints":{"allow":["GET"]}}],"collection":[{"href":"https:\/\/centasmed.com\/fr\/wp-json\/wp\/v2\/pages"}],"about":[{"href":"https:\/\/centasmed.com\/fr\/wp-json\/wp\/v2\/types\/page"}],"author":[{"embeddable":true,"href":"https:\/\/centasmed.com\/fr\/wp-json\/wp\/v2\/users\/3"}],"replies":[{"embeddable":true,"href":"https:\/\/centasmed.com\/fr\/wp-json\/wp\/v2\/comments?post=2370"}],"version-history":[{"count":5,"href":"https:\/\/centasmed.com\/fr\/wp-json\/wp\/v2\/pages\/2370\/revisions"}],"predecessor-version":[{"id":8867,"href":"https:\/\/centasmed.com\/fr\/wp-json\/wp\/v2\/pages\/2370\/revisions\/8867"}],"wp:attachment":[{"href":"https:\/\/centasmed.com\/fr\/wp-json\/wp\/v2\/media?parent=2370"}],"curies":[{"name":"wp","href":"https:\/\/api.w.org\/{rel}","templated":true}]}}